{"id":14224,"date":"2024-11-13T15:11:25","date_gmt":"2024-11-13T12:11:25","guid":{"rendered":"https:\/\/kervanmagazacilik.com\/?post_type=product&#038;p=14224"},"modified":"2024-11-13T15:11:26","modified_gmt":"2024-11-13T12:11:26","slug":"002gz0000033","status":"publish","type":"product","link":"https:\/\/kervanmagazacilik.com\/index.php\/urun\/002gz0000033\/","title":{"rendered":"002GZ0000033"},"content":{"rendered":"<p>002GZ0000033<\/p>\n<p>R.F KARL-INDIGO NEVRESIM TAKIMI BATTAL MAVI 240x220cm<\/p>\n<p>NEVRES\u0130M:240x220cm \u00c7AR\u015eAF:280x260cm YASTIK KILIFI: 50x70cm 2 Ad<\/p>\n","protected":false},"excerpt":{"rendered":"<p>002GZ0000033 R.F KARL-INDIGO NEVRESIM TAKIMI BATTAL MAVI 240x220cm NEVRES\u0130M:240x220cm \u00c7AR\u015eAF:280x260cm YASTIK KILIFI: 50x70cm 2 Ad<\/p>\n","protected":false},"featured_media":14225,"template":"","meta":[],"product_brand":[],"product_cat":[2084],"product_tag":[3076],"class_list":{"0":"post-14224","1":"product","2":"type-product","3":"status-publish","4":"has-post-thumbnail","6":"product_cat-002gz","7":"product_tag-002gz0000033","9":"first","10":"instock","11":"taxable","12":"shipping-taxable","13":"product-type-simple"},"_links":{"self":[{"href":"https:\/\/kervanmagazacilik.com\/index.php\/wp-json\/wp\/v2\/product\/14224","targetHints":{"allow":["GET"]}}],"collection":[{"href":"https:\/\/kervanmagazacilik.com\/index.php\/wp-json\/wp\/v2\/product"}],"about":[{"href":"https:\/\/kervanmagazacilik.com\/index.php\/wp-json\/wp\/v2\/types\/product"}],"wp:featuredmedia":[{"embeddable":true,"href":"https:\/\/kervanmagazacilik.com\/index.php\/wp-json\/wp\/v2\/media\/14225"}],"wp:attachment":[{"href":"https:\/\/kervanmagazacilik.com\/index.php\/wp-json\/wp\/v2\/media?parent=14224"}],"wp:term":[{"taxonomy":"product_brand","embeddable":true,"href":"https:\/\/kervanmagazacilik.com\/index.php\/wp-json\/wp\/v2\/product_brand?post=14224"},{"taxonomy":"product_cat","embeddable":true,"href":"https:\/\/kervanmagazacilik.com\/index.php\/wp-json\/wp\/v2\/product_cat?post=14224"},{"taxonomy":"product_tag","embeddable":true,"href":"https:\/\/kervanmagazacilik.com\/index.php\/wp-json\/wp\/v2\/product_tag?post=14224"}],"curies":[{"name":"wp","href":"https:\/\/api.w.org\/{rel}","templated":true}]}}