{"id":14026,"date":"2024-11-13T03:21:01","date_gmt":"2024-11-13T00:21:01","guid":{"rendered":"https:\/\/kervanmagazacilik.com\/?post_type=product&#038;p=14026"},"modified":"2024-11-13T03:21:01","modified_gmt":"2024-11-13T00:21:01","slug":"284kz0000314","status":"publish","type":"product","link":"https:\/\/kervanmagazacilik.com\/index.php\/urun\/284kz0000314\/","title":{"rendered":"284KZ0000314"},"content":{"rendered":"<p>284KZ0000314<\/p>\n<p>RIENZI HALI 75542-A56-73 117&#215;180 cm BEJ\/KREM<\/p>\n<p>Yabanc\u0131 maddelerin ilmekler aras\u0131na yerle\u015fmemesi i\u00e7in d\u00fczenli temizlik \u015fartt\u0131r. Hal\u0131n\u0131n uzun s\u00fcreli kullan\u0131m\u0131 i\u00e7in hal\u0131lar \u00e7\u0131rp\u0131lmamal\u0131, d\u00f6v\u00fclmemeli, tercihen g\u00fc\u00e7l\u00fc ve f\u0131r\u00e7al\u0131 bir elektrik s\u00fcp\u00fcrge ile g\u00fcnl\u00fck temizlenmelidir. Hal\u0131n\u0131z\u0131 hav yat\u0131m y\u00f6n\u00fcne do\u011fru s\u00fcp\u00fcr\u00fcn\u00fcz. Sert y\u00fczey temizleyicisi, \u00e7ama\u015f\u0131r suyu, alkol ve benzeri kimyasallardan uzak tutulmal\u0131, \u0131slak bir bez ile silinip havaland\u0131r\u0131lmal\u0131d\u0131r. Gerek duyuldu\u011funda, profesyonel y\u0131kama tercih edilmelidir.Hal\u0131 y\u00fczeyine s\u0131cak materyaller temas ettirilmemeli, deformasyonu \u00f6nlemek i\u00e7in hal\u0131 \u00fczerine konan sivri, sert, a\u011f\u0131r cisim ve e\u015fyalar uzun s\u00fcre ayn\u0131 yerde b\u0131rak\u0131lmamal\u0131d\u0131r. Kullan\u0131lmad\u0131\u011f\u0131 durumlarda hal\u0131, katl\u0131 bi\u00e7imde de\u011fil, rulo halinde rutubetten uzak ve dikey muhafaza edilmelidir. Hal\u0131n\u0131n ta\u015f\u0131n\u0131m\u0131 esnas\u0131nda, sert ve sivri cisimlerin hal\u0131y\u0131 y\u0131rtmamas\u0131na \u00f6zen g\u00f6sterilmelidir. Hal\u0131n\u0131n y\u00f6n\u00fc belirli aral\u0131klarla de\u011fi\u015ftirilerek, hal\u0131n\u0131n kullan\u0131m yo\u011funlu\u011funun hal\u0131n\u0131n her yerine e\u015fit da\u011f\u0131l\u0131m\u0131 sa\u011flanmal\u0131d\u0131r. Hal\u0131, uzun s\u00fcre do\u011frudan g\u00fcne\u015f \u0131\u015f\u0131\u011f\u0131na maruz b\u0131rak\u0131lmamal\u0131d\u0131r. Hal\u0131lar\u0131n eninde ve boyunda, \u00fcretim ve kullan\u0131lan iplik \u00e7e\u015fitlili\u011finden kaynakl\u0131 %3&#8217;e kadar farkl\u0131l\u0131k g\u00f6r\u00fclebilir.<br \/>\nJ\u00dcT, POLYESTER \u015e\u00d6N\u0130L K\u0130L\u0130M, 1850 GR\/M2<\/p>\n","protected":false},"excerpt":{"rendered":"<p>284KZ0000314 RIENZI HALI 75542-A56-73 117&#215;180 cm BEJ\/KREM Yabanc\u0131 maddelerin ilmekler aras\u0131na yerle\u015fmemesi i\u00e7in d\u00fczenli temizlik \u015fartt\u0131r. Hal\u0131n\u0131n uzun s\u00fcreli kullan\u0131m\u0131 i\u00e7in hal\u0131lar \u00e7\u0131rp\u0131lmamal\u0131, d\u00f6v\u00fclmemeli, tercihen g\u00fc\u00e7l\u00fc ve f\u0131r\u00e7al\u0131 bir elektrik s\u00fcp\u00fcrge ile g\u00fcnl\u00fck temizlenmelidir. Hal\u0131n\u0131z\u0131 hav yat\u0131m y\u00f6n\u00fcne do\u011fru s\u00fcp\u00fcr\u00fcn\u00fcz. Sert y\u00fczey temizleyicisi, \u00e7ama\u015f\u0131r suyu, alkol ve benzeri kimyasallardan uzak tutulmal\u0131, \u0131slak bir bez ile [&hellip;]<\/p>\n","protected":false},"featured_media":14027,"template":"","meta":[],"product_brand":[],"product_cat":[3050],"product_tag":[3052],"class_list":{"0":"post-14026","1":"product","2":"type-product","3":"status-publish","4":"has-post-thumbnail","6":"product_cat-284kz","7":"product_tag-284kz0000314","9":"first","10":"instock","11":"taxable","12":"shipping-taxable","13":"product-type-simple"},"_links":{"self":[{"href":"https:\/\/kervanmagazacilik.com\/index.php\/wp-json\/wp\/v2\/product\/14026","targetHints":{"allow":["GET"]}}],"collection":[{"href":"https:\/\/kervanmagazacilik.com\/index.php\/wp-json\/wp\/v2\/product"}],"about":[{"href":"https:\/\/kervanmagazacilik.com\/index.php\/wp-json\/wp\/v2\/types\/product"}],"wp:featuredmedia":[{"embeddable":true,"href":"https:\/\/kervanmagazacilik.com\/index.php\/wp-json\/wp\/v2\/media\/14027"}],"wp:attachment":[{"href":"https:\/\/kervanmagazacilik.com\/index.php\/wp-json\/wp\/v2\/media?parent=14026"}],"wp:term":[{"taxonomy":"product_brand","embeddable":true,"href":"https:\/\/kervanmagazacilik.com\/index.php\/wp-json\/wp\/v2\/product_brand?post=14026"},{"taxonomy":"product_cat","embeddable":true,"href":"https:\/\/kervanmagazacilik.com\/index.php\/wp-json\/wp\/v2\/product_cat?post=14026"},{"taxonomy":"product_tag","embeddable":true,"href":"https:\/\/kervanmagazacilik.com\/index.php\/wp-json\/wp\/v2\/product_tag?post=14026"}],"curies":[{"name":"wp","href":"https:\/\/api.w.org\/{rel}","templated":true}]}}