{"id":14015,"date":"2024-11-13T03:12:04","date_gmt":"2024-11-13T00:12:04","guid":{"rendered":"https:\/\/kervanmagazacilik.com\/?post_type=product&#038;p=14015"},"modified":"2024-11-13T03:12:05","modified_gmt":"2024-11-13T00:12:05","slug":"284tnj000009-2","status":"publish","type":"product","link":"https:\/\/kervanmagazacilik.com\/index.php\/urun\/284tnj000009-2\/","title":{"rendered":"284TNJ000009"},"content":{"rendered":"<p>284TNJ000009<\/p>\n<p>RABBIT PASPAS KAHVERENGI 80X145cm<\/p>\n<p>Yaln\u0131z kuru temizleme yap\u0131lmal\u0131d\u0131r.<\/p>\n","protected":false},"excerpt":{"rendered":"<p>284TNJ000009 RABBIT PASPAS KAHVERENGI 80X145cm Yaln\u0131z kuru temizleme yap\u0131lmal\u0131d\u0131r.<\/p>\n","protected":false},"featured_media":14016,"template":"","meta":[],"product_brand":[],"product_cat":[2865],"product_tag":[2864],"class_list":{"0":"post-14015","1":"product","2":"type-product","3":"status-publish","4":"has-post-thumbnail","6":"product_cat-284tnj","7":"product_tag-284tnj000009","9":"first","10":"instock","11":"taxable","12":"shipping-taxable","13":"product-type-simple"},"_links":{"self":[{"href":"https:\/\/kervanmagazacilik.com\/index.php\/wp-json\/wp\/v2\/product\/14015","targetHints":{"allow":["GET"]}}],"collection":[{"href":"https:\/\/kervanmagazacilik.com\/index.php\/wp-json\/wp\/v2\/product"}],"about":[{"href":"https:\/\/kervanmagazacilik.com\/index.php\/wp-json\/wp\/v2\/types\/product"}],"wp:featuredmedia":[{"embeddable":true,"href":"https:\/\/kervanmagazacilik.com\/index.php\/wp-json\/wp\/v2\/media\/14016"}],"wp:attachment":[{"href":"https:\/\/kervanmagazacilik.com\/index.php\/wp-json\/wp\/v2\/media?parent=14015"}],"wp:term":[{"taxonomy":"product_brand","embeddable":true,"href":"https:\/\/kervanmagazacilik.com\/index.php\/wp-json\/wp\/v2\/product_brand?post=14015"},{"taxonomy":"product_cat","embeddable":true,"href":"https:\/\/kervanmagazacilik.com\/index.php\/wp-json\/wp\/v2\/product_cat?post=14015"},{"taxonomy":"product_tag","embeddable":true,"href":"https:\/\/kervanmagazacilik.com\/index.php\/wp-json\/wp\/v2\/product_tag?post=14015"}],"curies":[{"name":"wp","href":"https:\/\/api.w.org\/{rel}","templated":true}]}}