{"id":14005,"date":"2024-11-13T03:08:08","date_gmt":"2024-11-13T00:08:08","guid":{"rendered":"https:\/\/kervanmagazacilik.com\/?post_type=product&#038;p=14005"},"modified":"2024-11-13T03:08:08","modified_gmt":"2024-11-13T00:08:08","slug":"284tnj000007","status":"publish","type":"product","link":"https:\/\/kervanmagazacilik.com\/index.php\/urun\/284tnj000007\/","title":{"rendered":"284TNJ000007"},"content":{"rendered":"<p>284TNJ000007<\/p>\n<p>RABBIT PASPAS ACIK KAHVE 80x145cm<\/p>\n<p>Yaln\u0131z kuru temizleme yap\u0131lmal\u0131d\u0131r.<\/p>\n","protected":false},"excerpt":{"rendered":"<p>284TNJ000007 RABBIT PASPAS ACIK KAHVE 80x145cm Yaln\u0131z kuru temizleme yap\u0131lmal\u0131d\u0131r.<\/p>\n","protected":false},"featured_media":14007,"template":"","meta":[],"product_brand":[],"product_cat":[2865],"product_tag":[3049],"class_list":{"0":"post-14005","1":"product","2":"type-product","3":"status-publish","4":"has-post-thumbnail","6":"product_cat-284tnj","7":"product_tag-284tnj000007","9":"first","10":"instock","11":"taxable","12":"shipping-taxable","13":"product-type-simple"},"_links":{"self":[{"href":"https:\/\/kervanmagazacilik.com\/index.php\/wp-json\/wp\/v2\/product\/14005","targetHints":{"allow":["GET"]}}],"collection":[{"href":"https:\/\/kervanmagazacilik.com\/index.php\/wp-json\/wp\/v2\/product"}],"about":[{"href":"https:\/\/kervanmagazacilik.com\/index.php\/wp-json\/wp\/v2\/types\/product"}],"wp:featuredmedia":[{"embeddable":true,"href":"https:\/\/kervanmagazacilik.com\/index.php\/wp-json\/wp\/v2\/media\/14007"}],"wp:attachment":[{"href":"https:\/\/kervanmagazacilik.com\/index.php\/wp-json\/wp\/v2\/media?parent=14005"}],"wp:term":[{"taxonomy":"product_brand","embeddable":true,"href":"https:\/\/kervanmagazacilik.com\/index.php\/wp-json\/wp\/v2\/product_brand?post=14005"},{"taxonomy":"product_cat","embeddable":true,"href":"https:\/\/kervanmagazacilik.com\/index.php\/wp-json\/wp\/v2\/product_cat?post=14005"},{"taxonomy":"product_tag","embeddable":true,"href":"https:\/\/kervanmagazacilik.com\/index.php\/wp-json\/wp\/v2\/product_tag?post=14005"}],"curies":[{"name":"wp","href":"https:\/\/api.w.org\/{rel}","templated":true}]}}