{"id":13950,"date":"2024-11-13T02:47:56","date_gmt":"2024-11-12T23:47:56","guid":{"rendered":"https:\/\/kervanmagazacilik.com\/?post_type=product&#038;p=13950"},"modified":"2024-11-13T02:47:56","modified_gmt":"2024-11-12T23:47:56","slug":"284hsh000359","status":"publish","type":"product","link":"https:\/\/kervanmagazacilik.com\/index.php\/urun\/284hsh000359\/","title":{"rendered":"284HSH000359"},"content":{"rendered":"<p>284HSH000359<\/p>\n<p>LAMINS PASPAS TA\u015e 40x60cm<\/p>\n<p>%100 pamuk<br \/>\nAksesuar, %100 polyester<br \/>\n30 derece y\u0131kama<br \/>\n\u00c7ama\u015f\u0131r suyu konamaz<br \/>\nKurutma makinesinde kurutulamaz<br \/>\n\u00dct\u00fcleme yap\u0131lmaz<\/p>\n","protected":false},"excerpt":{"rendered":"<p>284HSH000359 LAMINS PASPAS TA\u015e 40x60cm %100 pamuk Aksesuar, %100 polyester 30 derece y\u0131kama \u00c7ama\u015f\u0131r suyu konamaz Kurutma makinesinde kurutulamaz \u00dct\u00fcleme yap\u0131lmaz<\/p>\n","protected":false},"featured_media":13953,"template":"","meta":[],"product_brand":[],"product_cat":[3008],"product_tag":[3039],"class_list":{"0":"post-13950","1":"product","2":"type-product","3":"status-publish","4":"has-post-thumbnail","6":"product_cat-284hsh","7":"product_tag-284hsh000359","9":"first","10":"instock","11":"taxable","12":"shipping-taxable","13":"product-type-simple"},"_links":{"self":[{"href":"https:\/\/kervanmagazacilik.com\/index.php\/wp-json\/wp\/v2\/product\/13950","targetHints":{"allow":["GET"]}}],"collection":[{"href":"https:\/\/kervanmagazacilik.com\/index.php\/wp-json\/wp\/v2\/product"}],"about":[{"href":"https:\/\/kervanmagazacilik.com\/index.php\/wp-json\/wp\/v2\/types\/product"}],"wp:featuredmedia":[{"embeddable":true,"href":"https:\/\/kervanmagazacilik.com\/index.php\/wp-json\/wp\/v2\/media\/13953"}],"wp:attachment":[{"href":"https:\/\/kervanmagazacilik.com\/index.php\/wp-json\/wp\/v2\/media?parent=13950"}],"wp:term":[{"taxonomy":"product_brand","embeddable":true,"href":"https:\/\/kervanmagazacilik.com\/index.php\/wp-json\/wp\/v2\/product_brand?post=13950"},{"taxonomy":"product_cat","embeddable":true,"href":"https:\/\/kervanmagazacilik.com\/index.php\/wp-json\/wp\/v2\/product_cat?post=13950"},{"taxonomy":"product_tag","embeddable":true,"href":"https:\/\/kervanmagazacilik.com\/index.php\/wp-json\/wp\/v2\/product_tag?post=13950"}],"curies":[{"name":"wp","href":"https:\/\/api.w.org\/{rel}","templated":true}]}}