{"id":13940,"date":"2024-11-13T02:40:45","date_gmt":"2024-11-12T23:40:45","guid":{"rendered":"https:\/\/kervanmagazacilik.com\/?post_type=product&#038;p=13940"},"modified":"2024-11-13T02:40:45","modified_gmt":"2024-11-12T23:40:45","slug":"284hsh000356","status":"publish","type":"product","link":"https:\/\/kervanmagazacilik.com\/index.php\/urun\/284hsh000356\/","title":{"rendered":"284HSH000356"},"content":{"rendered":"<p>284HSH000356<\/p>\n<p>CAR\u0130LLA PASPAS 70X120 TA\u015e<\/p>\n<div>Paspas: %100 pamuk<\/div>\n<div>Aksesuar: %100 polyester<\/div>\n<div>30 derece narin y\u0131kama<\/div>\n<div>\u00c7ama\u015f\u0131r suyu konamaz<\/div>\n<div>Kurutma makinesinde kurutulamaz<\/div>\n<div>\u00dct\u00fcleme yap\u0131lmaz<\/div>\n<div><\/div>\n<div>ALT GRUP: BANYO TEKST\u0130L\u0130<\/div>\n","protected":false},"excerpt":{"rendered":"<p>284HSH000356 CAR\u0130LLA PASPAS 70X120 TA\u015e Paspas: %100 pamuk Aksesuar: %100 polyester 30 derece narin y\u0131kama \u00c7ama\u015f\u0131r suyu konamaz Kurutma makinesinde kurutulamaz \u00dct\u00fcleme yap\u0131lmaz ALT GRUP: BANYO TEKST\u0130L\u0130<\/p>\n","protected":false},"featured_media":13941,"template":"","meta":[],"product_brand":[],"product_cat":[3008],"product_tag":[3037],"class_list":{"0":"post-13940","1":"product","2":"type-product","3":"status-publish","4":"has-post-thumbnail","6":"product_cat-284hsh","7":"product_tag-284hsh000356","9":"first","10":"instock","11":"taxable","12":"shipping-taxable","13":"product-type-simple"},"_links":{"self":[{"href":"https:\/\/kervanmagazacilik.com\/index.php\/wp-json\/wp\/v2\/product\/13940","targetHints":{"allow":["GET"]}}],"collection":[{"href":"https:\/\/kervanmagazacilik.com\/index.php\/wp-json\/wp\/v2\/product"}],"about":[{"href":"https:\/\/kervanmagazacilik.com\/index.php\/wp-json\/wp\/v2\/types\/product"}],"wp:featuredmedia":[{"embeddable":true,"href":"https:\/\/kervanmagazacilik.com\/index.php\/wp-json\/wp\/v2\/media\/13941"}],"wp:attachment":[{"href":"https:\/\/kervanmagazacilik.com\/index.php\/wp-json\/wp\/v2\/media?parent=13940"}],"wp:term":[{"taxonomy":"product_brand","embeddable":true,"href":"https:\/\/kervanmagazacilik.com\/index.php\/wp-json\/wp\/v2\/product_brand?post=13940"},{"taxonomy":"product_cat","embeddable":true,"href":"https:\/\/kervanmagazacilik.com\/index.php\/wp-json\/wp\/v2\/product_cat?post=13940"},{"taxonomy":"product_tag","embeddable":true,"href":"https:\/\/kervanmagazacilik.com\/index.php\/wp-json\/wp\/v2\/product_tag?post=13940"}],"curies":[{"name":"wp","href":"https:\/\/api.w.org\/{rel}","templated":true}]}}