{"id":13916,"date":"2024-11-13T02:29:11","date_gmt":"2024-11-12T23:29:11","guid":{"rendered":"https:\/\/kervanmagazacilik.com\/?post_type=product&#038;p=13916"},"modified":"2024-11-13T02:29:12","modified_gmt":"2024-11-12T23:29:12","slug":"284hsh000345","status":"publish","type":"product","link":"https:\/\/kervanmagazacilik.com\/index.php\/urun\/284hsh000345\/","title":{"rendered":"284HSH000345"},"content":{"rendered":"<p>284HSH000345<\/p>\n<p>ROSE PERLA PASPAS EKRU 80x140cm<\/p>\n<p>Paspas: %100 pamuk<br \/>\nAksesuar: %100 polyester<br \/>\n30 derece narin y\u0131kama<br \/>\n\u00c7ama\u015f\u0131r suyu konamaz<br \/>\nKurutma makinesinde kurutulamaz<br \/>\n\u00dct\u00fcleme yap\u0131lmaz<\/p>\n","protected":false},"excerpt":{"rendered":"<p>284HSH000345 ROSE PERLA PASPAS EKRU 80x140cm Paspas: %100 pamuk Aksesuar: %100 polyester 30 derece narin y\u0131kama \u00c7ama\u015f\u0131r suyu konamaz Kurutma makinesinde kurutulamaz \u00dct\u00fcleme yap\u0131lmaz<\/p>\n","protected":false},"featured_media":13917,"template":"","meta":[],"product_brand":[],"product_cat":[3008],"product_tag":[3034],"class_list":{"0":"post-13916","1":"product","2":"type-product","3":"status-publish","4":"has-post-thumbnail","6":"product_cat-284hsh","7":"product_tag-284hsh000345","9":"first","10":"instock","11":"taxable","12":"shipping-taxable","13":"product-type-simple"},"_links":{"self":[{"href":"https:\/\/kervanmagazacilik.com\/index.php\/wp-json\/wp\/v2\/product\/13916","targetHints":{"allow":["GET"]}}],"collection":[{"href":"https:\/\/kervanmagazacilik.com\/index.php\/wp-json\/wp\/v2\/product"}],"about":[{"href":"https:\/\/kervanmagazacilik.com\/index.php\/wp-json\/wp\/v2\/types\/product"}],"wp:featuredmedia":[{"embeddable":true,"href":"https:\/\/kervanmagazacilik.com\/index.php\/wp-json\/wp\/v2\/media\/13917"}],"wp:attachment":[{"href":"https:\/\/kervanmagazacilik.com\/index.php\/wp-json\/wp\/v2\/media?parent=13916"}],"wp:term":[{"taxonomy":"product_brand","embeddable":true,"href":"https:\/\/kervanmagazacilik.com\/index.php\/wp-json\/wp\/v2\/product_brand?post=13916"},{"taxonomy":"product_cat","embeddable":true,"href":"https:\/\/kervanmagazacilik.com\/index.php\/wp-json\/wp\/v2\/product_cat?post=13916"},{"taxonomy":"product_tag","embeddable":true,"href":"https:\/\/kervanmagazacilik.com\/index.php\/wp-json\/wp\/v2\/product_tag?post=13916"}],"curies":[{"name":"wp","href":"https:\/\/api.w.org\/{rel}","templated":true}]}}