{"id":13913,"date":"2024-11-13T02:31:59","date_gmt":"2024-11-12T23:31:59","guid":{"rendered":"https:\/\/kervanmagazacilik.com\/?post_type=product&#038;p=13913"},"modified":"2024-11-13T02:32:01","modified_gmt":"2024-11-12T23:32:01","slug":"prj300000576","status":"publish","type":"product","link":"https:\/\/kervanmagazacilik.com\/index.php\/urun\/prj300000576\/","title":{"rendered":"PRJ300000576"},"content":{"rendered":"<p>PRJ300000576<\/p>\n<p>MALIBU CREST \u015eAL SET KAHVE 90x250cm 7 PRC<\/p>\n<p>A Kuma\u015f: %100 Polyester<br \/>\nB Kuma\u015f: %100 Polyester<br \/>\nC Kuma\u015f: %100 Polyester<br \/>\nD Kuma\u015f: %50 Polyester %50 Pamuk<br \/>\nE Kuma\u015f: %100 Pamuk<\/p>\n<p>Sadece kuru temizleme yap\u0131lmal\u0131d\u0131r<br \/>\nD\u00fc\u015f\u00fck \u0131s\u0131da \u00fct\u00fc yap\u0131lmal\u0131d\u0131r<\/p>\n<p>\u015eAL: 90&#215;250 CM<br \/>\nKIRLENT: 60X60 CM (3 ADET)<br \/>\nKIRLENT: 40X60 CM (2 ADET)<br \/>\nKIRLENT: 30X60 CM (1 ADET<\/p>\n","protected":false},"excerpt":{"rendered":"<p>PRJ300000576 MALIBU CREST \u015eAL SET KAHVE 90x250cm 7 PRC A Kuma\u015f: %100 Polyester B Kuma\u015f: %100 Polyester C Kuma\u015f: %100 Polyester D Kuma\u015f: %50 Polyester %50 Pamuk E Kuma\u015f: %100 Pamuk Sadece kuru temizleme yap\u0131lmal\u0131d\u0131r D\u00fc\u015f\u00fck \u0131s\u0131da \u00fct\u00fc yap\u0131lmal\u0131d\u0131r \u015eAL: 90&#215;250 CM KIRLENT: 60X60 CM (3 ADET) KIRLENT: 40X60 CM (2 ADET) KIRLENT: 30X60 CM [&hellip;]<\/p>\n","protected":false},"featured_media":13918,"template":"","meta":[],"product_brand":[],"product_cat":[307],"product_tag":[2861],"class_list":{"0":"post-13913","1":"product","2":"type-product","3":"status-publish","4":"has-post-thumbnail","6":"product_cat-prj3","7":"product_tag-prj300000576","9":"first","10":"instock","11":"taxable","12":"shipping-taxable","13":"product-type-simple"},"_links":{"self":[{"href":"https:\/\/kervanmagazacilik.com\/index.php\/wp-json\/wp\/v2\/product\/13913","targetHints":{"allow":["GET"]}}],"collection":[{"href":"https:\/\/kervanmagazacilik.com\/index.php\/wp-json\/wp\/v2\/product"}],"about":[{"href":"https:\/\/kervanmagazacilik.com\/index.php\/wp-json\/wp\/v2\/types\/product"}],"wp:featuredmedia":[{"embeddable":true,"href":"https:\/\/kervanmagazacilik.com\/index.php\/wp-json\/wp\/v2\/media\/13918"}],"wp:attachment":[{"href":"https:\/\/kervanmagazacilik.com\/index.php\/wp-json\/wp\/v2\/media?parent=13913"}],"wp:term":[{"taxonomy":"product_brand","embeddable":true,"href":"https:\/\/kervanmagazacilik.com\/index.php\/wp-json\/wp\/v2\/product_brand?post=13913"},{"taxonomy":"product_cat","embeddable":true,"href":"https:\/\/kervanmagazacilik.com\/index.php\/wp-json\/wp\/v2\/product_cat?post=13913"},{"taxonomy":"product_tag","embeddable":true,"href":"https:\/\/kervanmagazacilik.com\/index.php\/wp-json\/wp\/v2\/product_tag?post=13913"}],"curies":[{"name":"wp","href":"https:\/\/api.w.org\/{rel}","templated":true}]}}