{"id":13885,"date":"2024-11-13T02:06:44","date_gmt":"2024-11-12T23:06:44","guid":{"rendered":"https:\/\/kervanmagazacilik.com\/?post_type=product&#038;p=13885"},"modified":"2024-11-13T02:06:44","modified_gmt":"2024-11-12T23:06:44","slug":"732ozv000083","status":"publish","type":"product","link":"https:\/\/kervanmagazacilik.com\/index.php\/urun\/732ozv000083\/","title":{"rendered":"732OZV000083"},"content":{"rendered":"<p>732OZV000083<\/p>\n<p>KRV-52-1 DUVAR PANOSU 60x60cm<\/p>\n<p>Kuru bez ile toz al\u0131nmal\u0131d\u0131r.<\/p>\n","protected":false},"excerpt":{"rendered":"<p>732OZV000083 KRV-52-1 DUVAR PANOSU 60x60cm Kuru bez ile toz al\u0131nmal\u0131d\u0131r.<\/p>\n","protected":false},"featured_media":13891,"template":"","meta":[],"product_brand":[],"product_cat":[194],"product_tag":[3028],"class_list":{"0":"post-13885","1":"product","2":"type-product","3":"status-publish","4":"has-post-thumbnail","6":"product_cat-732ozv","7":"product_tag-732ozv000083","9":"first","10":"instock","11":"taxable","12":"shipping-taxable","13":"product-type-simple"},"_links":{"self":[{"href":"https:\/\/kervanmagazacilik.com\/index.php\/wp-json\/wp\/v2\/product\/13885","targetHints":{"allow":["GET"]}}],"collection":[{"href":"https:\/\/kervanmagazacilik.com\/index.php\/wp-json\/wp\/v2\/product"}],"about":[{"href":"https:\/\/kervanmagazacilik.com\/index.php\/wp-json\/wp\/v2\/types\/product"}],"wp:featuredmedia":[{"embeddable":true,"href":"https:\/\/kervanmagazacilik.com\/index.php\/wp-json\/wp\/v2\/media\/13891"}],"wp:attachment":[{"href":"https:\/\/kervanmagazacilik.com\/index.php\/wp-json\/wp\/v2\/media?parent=13885"}],"wp:term":[{"taxonomy":"product_brand","embeddable":true,"href":"https:\/\/kervanmagazacilik.com\/index.php\/wp-json\/wp\/v2\/product_brand?post=13885"},{"taxonomy":"product_cat","embeddable":true,"href":"https:\/\/kervanmagazacilik.com\/index.php\/wp-json\/wp\/v2\/product_cat?post=13885"},{"taxonomy":"product_tag","embeddable":true,"href":"https:\/\/kervanmagazacilik.com\/index.php\/wp-json\/wp\/v2\/product_tag?post=13885"}],"curies":[{"name":"wp","href":"https:\/\/api.w.org\/{rel}","templated":true}]}}