{"id":13872,"date":"2024-11-13T01:44:12","date_gmt":"2024-11-12T22:44:12","guid":{"rendered":"https:\/\/kervanmagazacilik.com\/?post_type=product&#038;p=13872"},"modified":"2025-11-18T16:03:16","modified_gmt":"2025-11-18T13:03:16","slug":"732ozv000001","status":"publish","type":"product","link":"https:\/\/kervanmagazacilik.com\/index.php\/urun\/732ozv000001\/","title":{"rendered":"732OZV000001"},"content":{"rendered":"<p>732OZV000001<\/p>\n<p>KRVN- 65700022 &#8211; TA\u00c7LI \u00c7ER\u00c7EVEL\u0130 MANZARA DUVAR PANOSU 75X100<\/p>\n<p>Kuru bez ile toz al\u0131nmal\u0131d\u0131r.<\/p>\n","protected":false},"excerpt":{"rendered":"<p>732OZV000001 KRVN- 65700022 &#8211; TA\u00c7LI \u00c7ER\u00c7EVEL\u0130 MANZARA DUVAR PANOSU 75X100 Kuru bez ile toz al\u0131nmal\u0131d\u0131r.<\/p>\n","protected":false},"featured_media":13873,"template":"","meta":[],"product_brand":[],"product_cat":[194],"product_tag":[3022],"class_list":{"0":"post-13872","1":"product","2":"type-product","3":"status-publish","4":"has-post-thumbnail","6":"product_cat-732ozv","7":"product_tag-732ozv000001","9":"first","10":"instock","11":"taxable","12":"shipping-taxable","13":"product-type-simple"},"_links":{"self":[{"href":"https:\/\/kervanmagazacilik.com\/index.php\/wp-json\/wp\/v2\/product\/13872","targetHints":{"allow":["GET"]}}],"collection":[{"href":"https:\/\/kervanmagazacilik.com\/index.php\/wp-json\/wp\/v2\/product"}],"about":[{"href":"https:\/\/kervanmagazacilik.com\/index.php\/wp-json\/wp\/v2\/types\/product"}],"wp:featuredmedia":[{"embeddable":true,"href":"https:\/\/kervanmagazacilik.com\/index.php\/wp-json\/wp\/v2\/media\/13873"}],"wp:attachment":[{"href":"https:\/\/kervanmagazacilik.com\/index.php\/wp-json\/wp\/v2\/media?parent=13872"}],"wp:term":[{"taxonomy":"product_brand","embeddable":true,"href":"https:\/\/kervanmagazacilik.com\/index.php\/wp-json\/wp\/v2\/product_brand?post=13872"},{"taxonomy":"product_cat","embeddable":true,"href":"https:\/\/kervanmagazacilik.com\/index.php\/wp-json\/wp\/v2\/product_cat?post=13872"},{"taxonomy":"product_tag","embeddable":true,"href":"https:\/\/kervanmagazacilik.com\/index.php\/wp-json\/wp\/v2\/product_tag?post=13872"}],"curies":[{"name":"wp","href":"https:\/\/api.w.org\/{rel}","templated":true}]}}