{"id":13831,"date":"2024-11-12T17:20:22","date_gmt":"2024-11-12T14:20:22","guid":{"rendered":"https:\/\/kervanmagazacilik.com\/?post_type=product&#038;p=13831"},"modified":"2024-11-12T17:20:22","modified_gmt":"2024-11-12T14:20:22","slug":"611yon000025","status":"publish","type":"product","link":"https:\/\/kervanmagazacilik.com\/index.php\/urun\/611yon000025\/","title":{"rendered":"611YON000025"},"content":{"rendered":"<p>611YON000025<\/p>\n<p>VERSAILLES FERFORJE DAYBED-YAVRU YATAK BEYAZ 120x200cm YSF171101<\/p>\n<p>DI\u015e \u00d6L\u00c7\u00dc : 130x210cm<\/p>\n<p>\u0130\u00c7 YATAK \u00d6L\u00c7\u00dcS\u00dc 120&#215;200 cm<\/p>\n<p>\u00c7\u0130N&#8217;DE \u00dcRET\u0130LM\u0130\u015eT\u0130R<\/p>\n<p>TA\u015eIMA KAPAS\u0130TES\u0130 : 200 KG<\/p>\n","protected":false},"excerpt":{"rendered":"<p>611YON000025 VERSAILLES FERFORJE DAYBED-YAVRU YATAK BEYAZ 120x200cm YSF171101 DI\u015e \u00d6L\u00c7\u00dc : 130x210cm \u0130\u00c7 YATAK \u00d6L\u00c7\u00dcS\u00dc 120&#215;200 cm \u00c7\u0130N&#8217;DE \u00dcRET\u0130LM\u0130\u015eT\u0130R TA\u015eIMA KAPAS\u0130TES\u0130 : 200 KG<\/p>\n","protected":false},"featured_media":13832,"template":"","meta":[],"product_brand":[],"product_cat":[110],"product_tag":[3007],"class_list":{"0":"post-13831","1":"product","2":"type-product","3":"status-publish","4":"has-post-thumbnail","6":"product_cat-611yon","7":"product_tag-611yon000025","9":"first","10":"instock","11":"taxable","12":"shipping-taxable","13":"product-type-simple"},"_links":{"self":[{"href":"https:\/\/kervanmagazacilik.com\/index.php\/wp-json\/wp\/v2\/product\/13831","targetHints":{"allow":["GET"]}}],"collection":[{"href":"https:\/\/kervanmagazacilik.com\/index.php\/wp-json\/wp\/v2\/product"}],"about":[{"href":"https:\/\/kervanmagazacilik.com\/index.php\/wp-json\/wp\/v2\/types\/product"}],"wp:featuredmedia":[{"embeddable":true,"href":"https:\/\/kervanmagazacilik.com\/index.php\/wp-json\/wp\/v2\/media\/13832"}],"wp:attachment":[{"href":"https:\/\/kervanmagazacilik.com\/index.php\/wp-json\/wp\/v2\/media?parent=13831"}],"wp:term":[{"taxonomy":"product_brand","embeddable":true,"href":"https:\/\/kervanmagazacilik.com\/index.php\/wp-json\/wp\/v2\/product_brand?post=13831"},{"taxonomy":"product_cat","embeddable":true,"href":"https:\/\/kervanmagazacilik.com\/index.php\/wp-json\/wp\/v2\/product_cat?post=13831"},{"taxonomy":"product_tag","embeddable":true,"href":"https:\/\/kervanmagazacilik.com\/index.php\/wp-json\/wp\/v2\/product_tag?post=13831"}],"curies":[{"name":"wp","href":"https:\/\/api.w.org\/{rel}","templated":true}]}}