{"id":13818,"date":"2024-11-12T17:14:43","date_gmt":"2024-11-12T14:14:43","guid":{"rendered":"https:\/\/kervanmagazacilik.com\/?post_type=product&#038;p=13818"},"modified":"2024-11-12T17:14:44","modified_gmt":"2024-11-12T14:14:44","slug":"611ps0000039","status":"publish","type":"product","link":"https:\/\/kervanmagazacilik.com\/index.php\/urun\/611ps0000039\/","title":{"rendered":"611PS0000039"},"content":{"rendered":"<p>611PS0000039<\/p>\n<p>BERJER KREM 80x75x100cm SEA410<\/p>\n<p>Maun A\u011fac\u0131<br \/>\n%100 Pamuk<br \/>\n1.\/ Silmek i\u00e7in nemli bir bez kullan\u0131n ve ard\u0131ndan t\u00fcm ah\u015fap kaplama bile\u015fenleri i\u00e7in kuru bir bezle silin<br \/>\n2.\/ Herhangi bir mobilyay\u0131 ta\u015f\u0131rken, \u00f6zellikle de b\u00fcy\u00fck e\u015fyalar\u0131 ta\u015f\u0131rken daima yard\u0131m al\u0131n.<br \/>\n3.\/ Ket\u00e7ap, Hardal vs. sos d\u00f6k\u00fclmesi durumunda, 2 adet hafif nemli bez ve Hidrojen Peroksit sprey yard\u0131m\u0131yla sos lekelerini giderebilirsiniz. \u00d6ncelikle, 1 temiz adet bez ile sos lekesinin kabas\u0131n\u0131n al\u0131n\u0131p, ard\u0131ndan lekeli alana hidrojen peroksit uygulan\u0131p, bir ka\u00e7 dakika bekledikten sonra di\u011fer temiz bez ile yava\u015f\u00e7a ovalanarak lekeler \u00e7\u0131kart\u0131l\u0131p kurumaya b\u0131rak\u0131lmal\u0131d\u0131r.<br \/>\n4.\/ Kur\u015fun kalem veya t\u00fckenmez kalem ile olu\u015facak \u00e7izilmeler durumunda, su, \u00e7ama\u015f\u0131rsuyu ve 2 adet temiz bez yard\u0131m\u0131yla lekeleri giderebilirsiniz. \u00d6ncelikle, hafif nemli ve \u00e7ama\u015f\u0131r sulu bir bez ile \u00e7izilen yerlerin yava\u015f\u00e7a temizlenmesi ve sonras\u0131nda 5 dakika kurumaya b\u0131rak\u0131lmas\u0131 gerekmektedir. 5 dakika sonunda temiz ve nemli bir bez yard\u0131m\u0131yla son kez nazik\u00e7e temizlenip, kendi halinde kurumaya b\u0131rak\u0131lmal\u0131d\u0131r.<br \/>\n5.\/ \u00c7ay, \u015earap, Kola , Kahve vs. d\u00f6k\u00fclmesi durumunda, 2 adet temiz bez, \u0131l\u0131k bir kase su ve \u00e7ok g\u00fc\u00e7l\u00fc olmayan bir \u00e7ay ka\u015f\u0131\u011f\u0131 deterjan yard\u0131m\u0131yla lekeleri giderebilirsiniz. \u00d6ncelikle, \u0131l\u0131k suyun i\u00e7erisine 1 \u00e7ay ka\u015f\u0131\u011f\u0131 \u00f6l\u00e7e\u011finde \u00e7ok g\u00fc\u00e7l\u00fc olmayan deterjan\u0131nkar\u0131\u015ft\u0131r\u0131l\u0131p ard\u0131ndan temiz bezin haz\u0131rlanan su ile nemlendirilerek lekeli alana nazik\u00e7e uygunlamas\u0131 gerekmektedir. Uygulamadan sonra kendi halinde kurumaya b\u0131rak\u0131lmal\u0131d\u0131r.<\/p>\n","protected":false},"excerpt":{"rendered":"<p>611PS0000039 BERJER KREM 80x75x100cm SEA410 Maun A\u011fac\u0131 %100 Pamuk 1.\/ Silmek i\u00e7in nemli bir bez kullan\u0131n ve ard\u0131ndan t\u00fcm ah\u015fap kaplama bile\u015fenleri i\u00e7in kuru bir bezle silin 2.\/ Herhangi bir mobilyay\u0131 ta\u015f\u0131rken, \u00f6zellikle de b\u00fcy\u00fck e\u015fyalar\u0131 ta\u015f\u0131rken daima yard\u0131m al\u0131n. 3.\/ Ket\u00e7ap, Hardal vs. sos d\u00f6k\u00fclmesi durumunda, 2 adet hafif nemli bez ve Hidrojen Peroksit [&hellip;]<\/p>\n","protected":false},"featured_media":13819,"template":"","meta":[],"product_brand":[],"product_cat":[74],"product_tag":[3003],"class_list":{"0":"post-13818","1":"product","2":"type-product","3":"status-publish","4":"has-post-thumbnail","6":"product_cat-611ps","7":"product_tag-611ps0000039","9":"first","10":"instock","11":"taxable","12":"shipping-taxable","13":"product-type-simple"},"_links":{"self":[{"href":"https:\/\/kervanmagazacilik.com\/index.php\/wp-json\/wp\/v2\/product\/13818","targetHints":{"allow":["GET"]}}],"collection":[{"href":"https:\/\/kervanmagazacilik.com\/index.php\/wp-json\/wp\/v2\/product"}],"about":[{"href":"https:\/\/kervanmagazacilik.com\/index.php\/wp-json\/wp\/v2\/types\/product"}],"wp:featuredmedia":[{"embeddable":true,"href":"https:\/\/kervanmagazacilik.com\/index.php\/wp-json\/wp\/v2\/media\/13819"}],"wp:attachment":[{"href":"https:\/\/kervanmagazacilik.com\/index.php\/wp-json\/wp\/v2\/media?parent=13818"}],"wp:term":[{"taxonomy":"product_brand","embeddable":true,"href":"https:\/\/kervanmagazacilik.com\/index.php\/wp-json\/wp\/v2\/product_brand?post=13818"},{"taxonomy":"product_cat","embeddable":true,"href":"https:\/\/kervanmagazacilik.com\/index.php\/wp-json\/wp\/v2\/product_cat?post=13818"},{"taxonomy":"product_tag","embeddable":true,"href":"https:\/\/kervanmagazacilik.com\/index.php\/wp-json\/wp\/v2\/product_tag?post=13818"}],"curies":[{"name":"wp","href":"https:\/\/api.w.org\/{rel}","templated":true}]}}