{"id":13812,"date":"2024-11-12T17:10:46","date_gmt":"2024-11-12T14:10:46","guid":{"rendered":"https:\/\/kervanmagazacilik.com\/?post_type=product&#038;p=13812"},"modified":"2024-11-12T17:10:46","modified_gmt":"2024-11-12T14:10:46","slug":"611ps0000031","status":"publish","type":"product","link":"https:\/\/kervanmagazacilik.com\/index.php\/urun\/611ps0000031\/","title":{"rendered":"611PS0000031"},"content":{"rendered":"<p>611PS0000031<\/p>\n<p>AYNA 3x100x100cm MRR58<\/p>\n<p>Bayur A\u011fac\u0131<br \/>\n1.\/ Temizlemek ve cilal\u0131 ah\u015fab\u0131n g\u00f6r\u00fcn\u00fcm\u00fcn\u00fc korumak i\u00e7in t\u00fcy b\u0131rakmayan bir temizlik beziyle ah\u015fab\u0131n damarlar\u0131 y\u00f6n\u00fcnde nazik\u00e7e silin.<\/p>\n","protected":false},"excerpt":{"rendered":"<p>611PS0000031 AYNA 3x100x100cm MRR58 Bayur A\u011fac\u0131 1.\/ Temizlemek ve cilal\u0131 ah\u015fab\u0131n g\u00f6r\u00fcn\u00fcm\u00fcn\u00fc korumak i\u00e7in t\u00fcy b\u0131rakmayan bir temizlik beziyle ah\u015fab\u0131n damarlar\u0131 y\u00f6n\u00fcnde nazik\u00e7e silin.<\/p>\n","protected":false},"featured_media":13814,"template":"","meta":[],"product_brand":[],"product_cat":[74],"product_tag":[3001],"class_list":{"0":"post-13812","1":"product","2":"type-product","3":"status-publish","4":"has-post-thumbnail","6":"product_cat-611ps","7":"product_tag-611ps0000031","9":"first","10":"instock","11":"taxable","12":"shipping-taxable","13":"product-type-simple"},"_links":{"self":[{"href":"https:\/\/kervanmagazacilik.com\/index.php\/wp-json\/wp\/v2\/product\/13812","targetHints":{"allow":["GET"]}}],"collection":[{"href":"https:\/\/kervanmagazacilik.com\/index.php\/wp-json\/wp\/v2\/product"}],"about":[{"href":"https:\/\/kervanmagazacilik.com\/index.php\/wp-json\/wp\/v2\/types\/product"}],"wp:featuredmedia":[{"embeddable":true,"href":"https:\/\/kervanmagazacilik.com\/index.php\/wp-json\/wp\/v2\/media\/13814"}],"wp:attachment":[{"href":"https:\/\/kervanmagazacilik.com\/index.php\/wp-json\/wp\/v2\/media?parent=13812"}],"wp:term":[{"taxonomy":"product_brand","embeddable":true,"href":"https:\/\/kervanmagazacilik.com\/index.php\/wp-json\/wp\/v2\/product_brand?post=13812"},{"taxonomy":"product_cat","embeddable":true,"href":"https:\/\/kervanmagazacilik.com\/index.php\/wp-json\/wp\/v2\/product_cat?post=13812"},{"taxonomy":"product_tag","embeddable":true,"href":"https:\/\/kervanmagazacilik.com\/index.php\/wp-json\/wp\/v2\/product_tag?post=13812"}],"curies":[{"name":"wp","href":"https:\/\/api.w.org\/{rel}","templated":true}]}}