{"id":13798,"date":"2024-11-12T16:59:22","date_gmt":"2024-11-12T13:59:22","guid":{"rendered":"https:\/\/kervanmagazacilik.com\/?post_type=product&#038;p=13798"},"modified":"2024-11-12T16:59:23","modified_gmt":"2024-11-12T13:59:23","slug":"611pjs000053-2","status":"publish","type":"product","link":"https:\/\/kervanmagazacilik.com\/index.php\/urun\/611pjs000053-2\/","title":{"rendered":"611PJS000053"},"content":{"rendered":"<p>611PJS000053<\/p>\n<p>MARL \u0130K\u0130L\u0130 BENCH 165x65x104cm INT4120\/GB 004A<\/p>\n<p>TEAK<\/p>\n<p>1.D\u0131\u015f kullan\u0131m i\u00e7in uygundur ancak direkt g\u00fcne\u015f \u0131\u015f\u0131\u011f\u0131 ve ya\u011fmura maruz b\u0131rak\u0131lmamal\u0131d\u0131r aksi takdirde zaman i\u00e7erisinde \u00e7atlaklar ve renk farkl\u0131l\u0131klar\u0131 meydana gelebilmektedir.<br \/>\n2.Hafif nemli bir bez yard\u0131m\u0131yla temizlenmelidir.<br \/>\n3.Su tutularak temizlenmesi durumunda kuru bir bez yard\u0131m\u0131yla hemen kurutulmal\u0131d\u0131r, kendi halinde g\u00fcne\u015fe b\u0131rak\u0131larak kurutulmamal\u0131d\u0131r.<\/p>\n","protected":false},"excerpt":{"rendered":"<p>611PJS000053 MARL \u0130K\u0130L\u0130 BENCH 165x65x104cm INT4120\/GB 004A TEAK 1.D\u0131\u015f kullan\u0131m i\u00e7in uygundur ancak direkt g\u00fcne\u015f \u0131\u015f\u0131\u011f\u0131 ve ya\u011fmura maruz b\u0131rak\u0131lmamal\u0131d\u0131r aksi takdirde zaman i\u00e7erisinde \u00e7atlaklar ve renk farkl\u0131l\u0131klar\u0131 meydana gelebilmektedir. 2.Hafif nemli bir bez yard\u0131m\u0131yla temizlenmelidir. 3.Su tutularak temizlenmesi durumunda kuru bir bez yard\u0131m\u0131yla hemen kurutulmal\u0131d\u0131r, kendi halinde g\u00fcne\u015fe b\u0131rak\u0131larak kurutulmamal\u0131d\u0131r.<\/p>\n","protected":false},"featured_media":13799,"template":"","meta":[],"product_brand":[],"product_cat":[1857],"product_tag":[1872],"class_list":{"0":"post-13798","1":"product","2":"type-product","3":"status-publish","4":"has-post-thumbnail","6":"product_cat-611pjs","7":"product_tag-611pjs000053","9":"first","10":"instock","11":"taxable","12":"shipping-taxable","13":"product-type-simple"},"_links":{"self":[{"href":"https:\/\/kervanmagazacilik.com\/index.php\/wp-json\/wp\/v2\/product\/13798","targetHints":{"allow":["GET"]}}],"collection":[{"href":"https:\/\/kervanmagazacilik.com\/index.php\/wp-json\/wp\/v2\/product"}],"about":[{"href":"https:\/\/kervanmagazacilik.com\/index.php\/wp-json\/wp\/v2\/types\/product"}],"wp:featuredmedia":[{"embeddable":true,"href":"https:\/\/kervanmagazacilik.com\/index.php\/wp-json\/wp\/v2\/media\/13799"}],"wp:attachment":[{"href":"https:\/\/kervanmagazacilik.com\/index.php\/wp-json\/wp\/v2\/media?parent=13798"}],"wp:term":[{"taxonomy":"product_brand","embeddable":true,"href":"https:\/\/kervanmagazacilik.com\/index.php\/wp-json\/wp\/v2\/product_brand?post=13798"},{"taxonomy":"product_cat","embeddable":true,"href":"https:\/\/kervanmagazacilik.com\/index.php\/wp-json\/wp\/v2\/product_cat?post=13798"},{"taxonomy":"product_tag","embeddable":true,"href":"https:\/\/kervanmagazacilik.com\/index.php\/wp-json\/wp\/v2\/product_tag?post=13798"}],"curies":[{"name":"wp","href":"https:\/\/api.w.org\/{rel}","templated":true}]}}