{"id":13786,"date":"2024-11-12T16:51:53","date_gmt":"2024-11-12T13:51:53","guid":{"rendered":"https:\/\/kervanmagazacilik.com\/?post_type=product&#038;p=13786"},"modified":"2024-11-12T16:51:54","modified_gmt":"2024-11-12T13:51:54","slug":"611pjs000036","status":"publish","type":"product","link":"https:\/\/kervanmagazacilik.com\/index.php\/urun\/611pjs000036\/","title":{"rendered":"611PJS000036"},"content":{"rendered":"<p>611PJS000036<\/p>\n<p>PORTOF\u0130NO TEKL\u0130 KOLTUK 75x80x95cm<\/p>\n<p>MAUN A\u011eACI<\/p>\n<p>1. Tozu \/ lekeleri \u00e7\u0131karmak i\u00e7in ah\u015fap \u00e7er\u00e7eveyi kuru bir havlu kullanarak temizleyin.<br \/>\n2. D\u00f6\u015femeye toz girmesini \u00f6nlemek i\u00e7in kuma\u015f\u0131 elektrik s\u00fcp\u00fcrgesiyle temizleyin.<br \/>\n3. \u0130nat\u00e7\u0131 lekelere saf alkol veya \u00f6zel bir temizlik deterjan\u0131 uygulay\u0131n.<br \/>\nSonucu kontrol etmek i\u00e7in \u00f6nce g\u00f6ze \u00e7arpmayan k\u00fc\u00e7\u00fck bir alanda deneyin. Lekeleri \u00e7\u0131karmak i\u00e7in yumu\u015fak ve temiz bir havlu kullan\u0131n.<br \/>\n4. Lekelerin gitti\u011finden emin olmak i\u00e7in kurutun veya kurumaya b\u0131rak\u0131n.<br \/>\n5. Kuma\u015f\u0131 temizledikten sonra yumu\u015fak bir f\u0131r\u00e7a ile hafif\u00e7e f\u0131r\u00e7alay\u0131n. Bu, kuma\u015f\u0131n yumu\u015fakl\u0131\u011f\u0131n\u0131 geri kazanman\u0131za yard\u0131mc\u0131 olacakt\u0131r.<\/p>\n","protected":false},"excerpt":{"rendered":"<p>611PJS000036 PORTOF\u0130NO TEKL\u0130 KOLTUK 75x80x95cm MAUN A\u011eACI 1. Tozu \/ lekeleri \u00e7\u0131karmak i\u00e7in ah\u015fap \u00e7er\u00e7eveyi kuru bir havlu kullanarak temizleyin. 2. D\u00f6\u015femeye toz girmesini \u00f6nlemek i\u00e7in kuma\u015f\u0131 elektrik s\u00fcp\u00fcrgesiyle temizleyin. 3. \u0130nat\u00e7\u0131 lekelere saf alkol veya \u00f6zel bir temizlik deterjan\u0131 uygulay\u0131n. Sonucu kontrol etmek i\u00e7in \u00f6nce g\u00f6ze \u00e7arpmayan k\u00fc\u00e7\u00fck bir alanda deneyin. Lekeleri \u00e7\u0131karmak i\u00e7in [&hellip;]<\/p>\n","protected":false},"featured_media":13787,"template":"","meta":[],"product_brand":[],"product_cat":[1857],"product_tag":[2998],"class_list":{"0":"post-13786","1":"product","2":"type-product","3":"status-publish","4":"has-post-thumbnail","6":"product_cat-611pjs","7":"product_tag-611pjs000036","9":"first","10":"instock","11":"taxable","12":"shipping-taxable","13":"product-type-simple"},"_links":{"self":[{"href":"https:\/\/kervanmagazacilik.com\/index.php\/wp-json\/wp\/v2\/product\/13786","targetHints":{"allow":["GET"]}}],"collection":[{"href":"https:\/\/kervanmagazacilik.com\/index.php\/wp-json\/wp\/v2\/product"}],"about":[{"href":"https:\/\/kervanmagazacilik.com\/index.php\/wp-json\/wp\/v2\/types\/product"}],"wp:featuredmedia":[{"embeddable":true,"href":"https:\/\/kervanmagazacilik.com\/index.php\/wp-json\/wp\/v2\/media\/13787"}],"wp:attachment":[{"href":"https:\/\/kervanmagazacilik.com\/index.php\/wp-json\/wp\/v2\/media?parent=13786"}],"wp:term":[{"taxonomy":"product_brand","embeddable":true,"href":"https:\/\/kervanmagazacilik.com\/index.php\/wp-json\/wp\/v2\/product_brand?post=13786"},{"taxonomy":"product_cat","embeddable":true,"href":"https:\/\/kervanmagazacilik.com\/index.php\/wp-json\/wp\/v2\/product_cat?post=13786"},{"taxonomy":"product_tag","embeddable":true,"href":"https:\/\/kervanmagazacilik.com\/index.php\/wp-json\/wp\/v2\/product_tag?post=13786"}],"curies":[{"name":"wp","href":"https:\/\/api.w.org\/{rel}","templated":true}]}}