{"id":13782,"date":"2024-11-12T16:50:07","date_gmt":"2024-11-12T13:50:07","guid":{"rendered":"https:\/\/kervanmagazacilik.com\/?post_type=product&#038;p=13782"},"modified":"2024-11-12T16:50:07","modified_gmt":"2024-11-12T13:50:07","slug":"611lj0000004","status":"publish","type":"product","link":"https:\/\/kervanmagazacilik.com\/index.php\/urun\/611lj0000004\/","title":{"rendered":"611LJ0000004"},"content":{"rendered":"<p>611LJ0000004<\/p>\n<p>YEMEK MASASI ESK\u0130TME 160x90x78cm KJ-TB-1107<\/p>\n<p>ME\u015eE + MDF<\/p>\n<p>Silmek i\u00e7in nemli bir bez kullan\u0131n ve ard\u0131ndan kuru bir bezle silin.<br \/>\n\u0130z b\u0131rakacak i\u015flemlere kar\u015f\u0131 koruma i\u00e7in, s\u0131cak e\u015fyalar\u0131 masa y\u00fczeyine yerle\u015ftirirken her zaman altl\u0131klar kullan\u0131lmal\u0131d\u0131r.<br \/>\nAsla d\u00f6k\u00fcnt\u00fc b\u0131rakmamal\u0131, derhal temizlenmelidir. Baz\u0131 s\u0131v\u0131lar 2 saatten fazla masada kalmas\u0131 durumunda iz b\u0131rakabilmektedir.<\/p>\n","protected":false},"excerpt":{"rendered":"<p>611LJ0000004 YEMEK MASASI ESK\u0130TME 160x90x78cm KJ-TB-1107 ME\u015eE + MDF Silmek i\u00e7in nemli bir bez kullan\u0131n ve ard\u0131ndan kuru bir bezle silin. \u0130z b\u0131rakacak i\u015flemlere kar\u015f\u0131 koruma i\u00e7in, s\u0131cak e\u015fyalar\u0131 masa y\u00fczeyine yerle\u015ftirirken her zaman altl\u0131klar kullan\u0131lmal\u0131d\u0131r. Asla d\u00f6k\u00fcnt\u00fc b\u0131rakmamal\u0131, derhal temizlenmelidir. Baz\u0131 s\u0131v\u0131lar 2 saatten fazla masada kalmas\u0131 durumunda iz b\u0131rakabilmektedir.<\/p>\n","protected":false},"featured_media":13783,"template":"","meta":[],"product_brand":[],"product_cat":[2996],"product_tag":[2997],"class_list":{"0":"post-13782","1":"product","2":"type-product","3":"status-publish","4":"has-post-thumbnail","6":"product_cat-611lj","7":"product_tag-611lj0000004","9":"first","10":"instock","11":"taxable","12":"shipping-taxable","13":"product-type-simple"},"_links":{"self":[{"href":"https:\/\/kervanmagazacilik.com\/index.php\/wp-json\/wp\/v2\/product\/13782","targetHints":{"allow":["GET"]}}],"collection":[{"href":"https:\/\/kervanmagazacilik.com\/index.php\/wp-json\/wp\/v2\/product"}],"about":[{"href":"https:\/\/kervanmagazacilik.com\/index.php\/wp-json\/wp\/v2\/types\/product"}],"wp:featuredmedia":[{"embeddable":true,"href":"https:\/\/kervanmagazacilik.com\/index.php\/wp-json\/wp\/v2\/media\/13783"}],"wp:attachment":[{"href":"https:\/\/kervanmagazacilik.com\/index.php\/wp-json\/wp\/v2\/media?parent=13782"}],"wp:term":[{"taxonomy":"product_brand","embeddable":true,"href":"https:\/\/kervanmagazacilik.com\/index.php\/wp-json\/wp\/v2\/product_brand?post=13782"},{"taxonomy":"product_cat","embeddable":true,"href":"https:\/\/kervanmagazacilik.com\/index.php\/wp-json\/wp\/v2\/product_cat?post=13782"},{"taxonomy":"product_tag","embeddable":true,"href":"https:\/\/kervanmagazacilik.com\/index.php\/wp-json\/wp\/v2\/product_tag?post=13782"}],"curies":[{"name":"wp","href":"https:\/\/api.w.org\/{rel}","templated":true}]}}