{"id":13602,"date":"2024-11-12T04:17:31","date_gmt":"2024-11-12T01:17:31","guid":{"rendered":"https:\/\/kervanmagazacilik.com\/?post_type=product&#038;p=13602"},"modified":"2024-11-12T04:17:32","modified_gmt":"2024-11-12T01:17:32","slug":"284chh000101","status":"publish","type":"product","link":"https:\/\/kervanmagazacilik.com\/index.php\/urun\/284chh000101\/","title":{"rendered":"284CHH000101"},"content":{"rendered":"<p>284CHH000101<\/p>\n<p>POINT PASPAS 180Qcm<\/p>\n<p>Yaln\u0131z kuru temizleme yap\u0131lmal\u0131d\u0131r.<\/p>\n","protected":false},"excerpt":{"rendered":"<p>284CHH000101 POINT PASPAS 180Qcm Yaln\u0131z kuru temizleme yap\u0131lmal\u0131d\u0131r.<\/p>\n","protected":false},"featured_media":13603,"template":"","meta":[],"product_brand":[],"product_cat":[2956],"product_tag":[2973],"class_list":{"0":"post-13602","1":"product","2":"type-product","3":"status-publish","4":"has-post-thumbnail","6":"product_cat-284chh","7":"product_tag-284chh000101","9":"first","10":"instock","11":"taxable","12":"shipping-taxable","13":"product-type-simple"},"_links":{"self":[{"href":"https:\/\/kervanmagazacilik.com\/index.php\/wp-json\/wp\/v2\/product\/13602","targetHints":{"allow":["GET"]}}],"collection":[{"href":"https:\/\/kervanmagazacilik.com\/index.php\/wp-json\/wp\/v2\/product"}],"about":[{"href":"https:\/\/kervanmagazacilik.com\/index.php\/wp-json\/wp\/v2\/types\/product"}],"wp:featuredmedia":[{"embeddable":true,"href":"https:\/\/kervanmagazacilik.com\/index.php\/wp-json\/wp\/v2\/media\/13603"}],"wp:attachment":[{"href":"https:\/\/kervanmagazacilik.com\/index.php\/wp-json\/wp\/v2\/media?parent=13602"}],"wp:term":[{"taxonomy":"product_brand","embeddable":true,"href":"https:\/\/kervanmagazacilik.com\/index.php\/wp-json\/wp\/v2\/product_brand?post=13602"},{"taxonomy":"product_cat","embeddable":true,"href":"https:\/\/kervanmagazacilik.com\/index.php\/wp-json\/wp\/v2\/product_cat?post=13602"},{"taxonomy":"product_tag","embeddable":true,"href":"https:\/\/kervanmagazacilik.com\/index.php\/wp-json\/wp\/v2\/product_tag?post=13602"}],"curies":[{"name":"wp","href":"https:\/\/api.w.org\/{rel}","templated":true}]}}