{"id":13574,"date":"2024-11-12T04:07:34","date_gmt":"2024-11-12T01:07:34","guid":{"rendered":"https:\/\/kervanmagazacilik.com\/?post_type=product&#038;p=13574"},"modified":"2024-11-12T04:07:34","modified_gmt":"2024-11-12T01:07:34","slug":"284chh000084","status":"publish","type":"product","link":"https:\/\/kervanmagazacilik.com\/index.php\/urun\/284chh000084\/","title":{"rendered":"284CHH000084"},"content":{"rendered":"<p>284CHH000084<\/p>\n<p>ETNO PASPAS BEJ-GUMUS 90x150cm<\/p>\n<p>Elde \u0131l\u0131k su ile y\u0131kanmal\u0131d\u0131r,kurutma makinesinde kurutulmamal\u0131d\u0131r. \u00dct\u00fcleme yap\u0131lmamal\u0131d\u0131r.<\/p>\n","protected":false},"excerpt":{"rendered":"<p>284CHH000084 ETNO PASPAS BEJ-GUMUS 90x150cm Elde \u0131l\u0131k su ile y\u0131kanmal\u0131d\u0131r,kurutma makinesinde kurutulmamal\u0131d\u0131r. \u00dct\u00fcleme yap\u0131lmamal\u0131d\u0131r.<\/p>\n","protected":false},"featured_media":13575,"template":"","meta":[],"product_brand":[],"product_cat":[2956],"product_tag":[2968],"class_list":{"0":"post-13574","1":"product","2":"type-product","3":"status-publish","4":"has-post-thumbnail","6":"product_cat-284chh","7":"product_tag-284chh000084","9":"first","10":"instock","11":"taxable","12":"shipping-taxable","13":"product-type-simple"},"_links":{"self":[{"href":"https:\/\/kervanmagazacilik.com\/index.php\/wp-json\/wp\/v2\/product\/13574","targetHints":{"allow":["GET"]}}],"collection":[{"href":"https:\/\/kervanmagazacilik.com\/index.php\/wp-json\/wp\/v2\/product"}],"about":[{"href":"https:\/\/kervanmagazacilik.com\/index.php\/wp-json\/wp\/v2\/types\/product"}],"wp:featuredmedia":[{"embeddable":true,"href":"https:\/\/kervanmagazacilik.com\/index.php\/wp-json\/wp\/v2\/media\/13575"}],"wp:attachment":[{"href":"https:\/\/kervanmagazacilik.com\/index.php\/wp-json\/wp\/v2\/media?parent=13574"}],"wp:term":[{"taxonomy":"product_brand","embeddable":true,"href":"https:\/\/kervanmagazacilik.com\/index.php\/wp-json\/wp\/v2\/product_brand?post=13574"},{"taxonomy":"product_cat","embeddable":true,"href":"https:\/\/kervanmagazacilik.com\/index.php\/wp-json\/wp\/v2\/product_cat?post=13574"},{"taxonomy":"product_tag","embeddable":true,"href":"https:\/\/kervanmagazacilik.com\/index.php\/wp-json\/wp\/v2\/product_tag?post=13574"}],"curies":[{"name":"wp","href":"https:\/\/api.w.org\/{rel}","templated":true}]}}