{"id":13565,"date":"2024-11-12T04:02:54","date_gmt":"2024-11-12T01:02:54","guid":{"rendered":"https:\/\/kervanmagazacilik.com\/?post_type=product&#038;p=13565"},"modified":"2024-11-12T04:02:54","modified_gmt":"2024-11-12T01:02:54","slug":"284chh000081","status":"publish","type":"product","link":"https:\/\/kervanmagazacilik.com\/index.php\/urun\/284chh000081\/","title":{"rendered":"284CHH000081"},"content":{"rendered":"<p>284CHH000081<\/p>\n<p>ETNO PASPAS BEJ-GUMUS 40x60cm<\/p>\n<p>Elde \u0131l\u0131k su ile y\u0131kanmal\u0131d\u0131r,kurutma makinesinde kurutulmamal\u0131d\u0131r. \u00dct\u00fcleme yap\u0131lmamal\u0131d\u0131r.<\/p>\n","protected":false},"excerpt":{"rendered":"<p>284CHH000081 ETNO PASPAS BEJ-GUMUS 40x60cm Elde \u0131l\u0131k su ile y\u0131kanmal\u0131d\u0131r,kurutma makinesinde kurutulmamal\u0131d\u0131r. \u00dct\u00fcleme yap\u0131lmamal\u0131d\u0131r.<\/p>\n","protected":false},"featured_media":13566,"template":"","meta":[],"product_brand":[],"product_cat":[2956],"product_tag":[2965],"class_list":{"0":"post-13565","1":"product","2":"type-product","3":"status-publish","4":"has-post-thumbnail","6":"product_cat-284chh","7":"product_tag-284chh000081","9":"first","10":"instock","11":"taxable","12":"shipping-taxable","13":"product-type-simple"},"_links":{"self":[{"href":"https:\/\/kervanmagazacilik.com\/index.php\/wp-json\/wp\/v2\/product\/13565","targetHints":{"allow":["GET"]}}],"collection":[{"href":"https:\/\/kervanmagazacilik.com\/index.php\/wp-json\/wp\/v2\/product"}],"about":[{"href":"https:\/\/kervanmagazacilik.com\/index.php\/wp-json\/wp\/v2\/types\/product"}],"wp:featuredmedia":[{"embeddable":true,"href":"https:\/\/kervanmagazacilik.com\/index.php\/wp-json\/wp\/v2\/media\/13566"}],"wp:attachment":[{"href":"https:\/\/kervanmagazacilik.com\/index.php\/wp-json\/wp\/v2\/media?parent=13565"}],"wp:term":[{"taxonomy":"product_brand","embeddable":true,"href":"https:\/\/kervanmagazacilik.com\/index.php\/wp-json\/wp\/v2\/product_brand?post=13565"},{"taxonomy":"product_cat","embeddable":true,"href":"https:\/\/kervanmagazacilik.com\/index.php\/wp-json\/wp\/v2\/product_cat?post=13565"},{"taxonomy":"product_tag","embeddable":true,"href":"https:\/\/kervanmagazacilik.com\/index.php\/wp-json\/wp\/v2\/product_tag?post=13565"}],"curies":[{"name":"wp","href":"https:\/\/api.w.org\/{rel}","templated":true}]}}