{"id":13559,"date":"2024-11-12T03:59:28","date_gmt":"2024-11-12T00:59:28","guid":{"rendered":"https:\/\/kervanmagazacilik.com\/?post_type=product&#038;p=13559"},"modified":"2024-11-12T03:59:28","modified_gmt":"2024-11-12T00:59:28","slug":"284chh000079","status":"publish","type":"product","link":"https:\/\/kervanmagazacilik.com\/index.php\/urun\/284chh000079\/","title":{"rendered":"284CHH000079"},"content":{"rendered":"<p>284CHH000079<\/p>\n<p>ETNO PASPAS EKRU-GOLD 70x120cm<\/p>\n<p>Elde \u0131l\u0131k su ile y\u0131kanmal\u0131d\u0131r,kurutma makinesinde kurutulmamal\u0131d\u0131r. \u00dct\u00fcleme yap\u0131lmamal\u0131d\u0131r.<\/p>\n","protected":false},"excerpt":{"rendered":"<p>284CHH000079 ETNO PASPAS EKRU-GOLD 70x120cm Elde \u0131l\u0131k su ile y\u0131kanmal\u0131d\u0131r,kurutma makinesinde kurutulmamal\u0131d\u0131r. \u00dct\u00fcleme yap\u0131lmamal\u0131d\u0131r.<\/p>\n","protected":false},"featured_media":13560,"template":"","meta":[],"product_brand":[],"product_cat":[2956],"product_tag":[2963],"class_list":{"0":"post-13559","1":"product","2":"type-product","3":"status-publish","4":"has-post-thumbnail","6":"product_cat-284chh","7":"product_tag-284chh000079","9":"first","10":"instock","11":"taxable","12":"shipping-taxable","13":"product-type-simple"},"_links":{"self":[{"href":"https:\/\/kervanmagazacilik.com\/index.php\/wp-json\/wp\/v2\/product\/13559","targetHints":{"allow":["GET"]}}],"collection":[{"href":"https:\/\/kervanmagazacilik.com\/index.php\/wp-json\/wp\/v2\/product"}],"about":[{"href":"https:\/\/kervanmagazacilik.com\/index.php\/wp-json\/wp\/v2\/types\/product"}],"wp:featuredmedia":[{"embeddable":true,"href":"https:\/\/kervanmagazacilik.com\/index.php\/wp-json\/wp\/v2\/media\/13560"}],"wp:attachment":[{"href":"https:\/\/kervanmagazacilik.com\/index.php\/wp-json\/wp\/v2\/media?parent=13559"}],"wp:term":[{"taxonomy":"product_brand","embeddable":true,"href":"https:\/\/kervanmagazacilik.com\/index.php\/wp-json\/wp\/v2\/product_brand?post=13559"},{"taxonomy":"product_cat","embeddable":true,"href":"https:\/\/kervanmagazacilik.com\/index.php\/wp-json\/wp\/v2\/product_cat?post=13559"},{"taxonomy":"product_tag","embeddable":true,"href":"https:\/\/kervanmagazacilik.com\/index.php\/wp-json\/wp\/v2\/product_tag?post=13559"}],"curies":[{"name":"wp","href":"https:\/\/api.w.org\/{rel}","templated":true}]}}