{"id":13517,"date":"2024-11-12T03:40:02","date_gmt":"2024-11-12T00:40:02","guid":{"rendered":"https:\/\/kervanmagazacilik.com\/?post_type=product&#038;p=13517"},"modified":"2024-11-12T03:40:02","modified_gmt":"2024-11-12T00:40:02","slug":"284bat000052","status":"publish","type":"product","link":"https:\/\/kervanmagazacilik.com\/index.php\/urun\/284bat000052\/","title":{"rendered":"284BAT000052"},"content":{"rendered":"<p>284BAT000052<\/p>\n<p>BLASSE PASPAS EKRU 70x150cm<\/p>\n<p>%75 pamuk %25 polyester<br \/>\n30 derece narin y\u0131kama<br \/>\n\u00c7ama\u015f\u0131r suyu konamaz<br \/>\n\u00dct\u00fcleme yap\u0131lamaz<br \/>\nKurutma makinesinde kurutulamaz<br \/>\nKuru temizleme yapt\u0131r\u0131lamaz<\/p>\n<p>T\u00fcylenme ve hav c\u0131kmas\u0131n\u0131 \u00f6nlemek i\u00e7in d\u00fczenli aral\u0131klarla elektirikli s\u00fcp\u00fcrge ile s\u00fcp\u00fcr\u00fclmesini tavsiye ediyoruz.<br \/>\nHavli \u00fce\u00fcnler y\u0131kand\u0131ktan sonra t\u00fcy b\u0131rakabilir filtre t\u0131kanmalar\u0131n\u0131 \u00f6nlemek amac\u0131 ile bir yast\u0131k k\u0131l\u0131f\u0131 veya koruma torbas\u0131 i\u00e7inde y\u0131kaman\u0131z gerekmektedir<\/p>\n","protected":false},"excerpt":{"rendered":"<p>284BAT000052 BLASSE PASPAS EKRU 70x150cm %75 pamuk %25 polyester 30 derece narin y\u0131kama \u00c7ama\u015f\u0131r suyu konamaz \u00dct\u00fcleme yap\u0131lamaz Kurutma makinesinde kurutulamaz Kuru temizleme yapt\u0131r\u0131lamaz T\u00fcylenme ve hav c\u0131kmas\u0131n\u0131 \u00f6nlemek i\u00e7in d\u00fczenli aral\u0131klarla elektirikli s\u00fcp\u00fcrge ile s\u00fcp\u00fcr\u00fclmesini tavsiye ediyoruz. Havli \u00fce\u00fcnler y\u0131kand\u0131ktan sonra t\u00fcy b\u0131rakabilir filtre t\u0131kanmalar\u0131n\u0131 \u00f6nlemek amac\u0131 ile bir yast\u0131k k\u0131l\u0131f\u0131 veya koruma torbas\u0131 [&hellip;]<\/p>\n","protected":false},"featured_media":13518,"template":"","meta":[],"product_brand":[],"product_cat":[2930],"product_tag":[2952],"class_list":{"0":"post-13517","1":"product","2":"type-product","3":"status-publish","4":"has-post-thumbnail","6":"product_cat-284bat","7":"product_tag-284bat000052","9":"first","10":"instock","11":"taxable","12":"shipping-taxable","13":"product-type-simple"},"_links":{"self":[{"href":"https:\/\/kervanmagazacilik.com\/index.php\/wp-json\/wp\/v2\/product\/13517","targetHints":{"allow":["GET"]}}],"collection":[{"href":"https:\/\/kervanmagazacilik.com\/index.php\/wp-json\/wp\/v2\/product"}],"about":[{"href":"https:\/\/kervanmagazacilik.com\/index.php\/wp-json\/wp\/v2\/types\/product"}],"wp:featuredmedia":[{"embeddable":true,"href":"https:\/\/kervanmagazacilik.com\/index.php\/wp-json\/wp\/v2\/media\/13518"}],"wp:attachment":[{"href":"https:\/\/kervanmagazacilik.com\/index.php\/wp-json\/wp\/v2\/media?parent=13517"}],"wp:term":[{"taxonomy":"product_brand","embeddable":true,"href":"https:\/\/kervanmagazacilik.com\/index.php\/wp-json\/wp\/v2\/product_brand?post=13517"},{"taxonomy":"product_cat","embeddable":true,"href":"https:\/\/kervanmagazacilik.com\/index.php\/wp-json\/wp\/v2\/product_cat?post=13517"},{"taxonomy":"product_tag","embeddable":true,"href":"https:\/\/kervanmagazacilik.com\/index.php\/wp-json\/wp\/v2\/product_tag?post=13517"}],"curies":[{"name":"wp","href":"https:\/\/api.w.org\/{rel}","templated":true}]}}