{"id":13470,"date":"2024-11-12T02:32:58","date_gmt":"2024-11-11T23:32:58","guid":{"rendered":"https:\/\/kervanmagazacilik.com\/?post_type=product&#038;p=13470"},"modified":"2024-11-12T02:32:58","modified_gmt":"2024-11-11T23:32:58","slug":"284bat000043","status":"publish","type":"product","link":"https:\/\/kervanmagazacilik.com\/index.php\/urun\/284bat000043\/","title":{"rendered":"284BAT000043"},"content":{"rendered":"<p>284BAT000043<\/p>\n<p>MARCELL OVAL PASPAS EKRU-BEJ-S\u0130LVER 90x120cm<\/p>\n<p>%75 Pamuk % 25 Polyester 30 derece narin y\u0131kama \u00c7ama\u015f\u0131r suyu konamaz.\u00dct\u00fcleme yap\u0131lamaz. Kurutma makinesinde kurutulamaz.Kuru temizleme yapt\u0131r\u0131lamaz<\/p>\n<p>T\u00fcylenme ve hav c\u0131kmas\u0131n\u0131 \u00f6nlemek i\u00e7in d\u00fczenli aral\u0131klarla elektirikli s\u00fcp\u00fcrge ile s\u00fcp\u00fcr\u00fclmesini tavsiye ediyoruz.Havli \u00fce\u00fcnler y\u0131kand\u0131ktan sonra t\u00fcy b\u0131rakabilir filtre t\u0131kanmalar\u0131n\u0131 \u00f6nlemek amac\u0131 ile bir yast\u0131k k\u0131l\u0131f\u0131 veya koruma torbas\u0131 i\u00e7inde y\u0131kaman\u0131z gerekmektedir<\/p>\n","protected":false},"excerpt":{"rendered":"<p>284BAT000043 MARCELL OVAL PASPAS EKRU-BEJ-S\u0130LVER 90x120cm %75 Pamuk % 25 Polyester 30 derece narin y\u0131kama \u00c7ama\u015f\u0131r suyu konamaz.\u00dct\u00fcleme yap\u0131lamaz. Kurutma makinesinde kurutulamaz.Kuru temizleme yapt\u0131r\u0131lamaz T\u00fcylenme ve hav c\u0131kmas\u0131n\u0131 \u00f6nlemek i\u00e7in d\u00fczenli aral\u0131klarla elektirikli s\u00fcp\u00fcrge ile s\u00fcp\u00fcr\u00fclmesini tavsiye ediyoruz.Havli \u00fce\u00fcnler y\u0131kand\u0131ktan sonra t\u00fcy b\u0131rakabilir filtre t\u0131kanmalar\u0131n\u0131 \u00f6nlemek amac\u0131 ile bir yast\u0131k k\u0131l\u0131f\u0131 veya koruma torbas\u0131 i\u00e7inde [&hellip;]<\/p>\n","protected":false},"featured_media":13471,"template":"","meta":[],"product_brand":[],"product_cat":[2930],"product_tag":[2944],"class_list":{"0":"post-13470","1":"product","2":"type-product","3":"status-publish","4":"has-post-thumbnail","6":"product_cat-284bat","7":"product_tag-284bat000043","9":"first","10":"instock","11":"taxable","12":"shipping-taxable","13":"product-type-simple"},"_links":{"self":[{"href":"https:\/\/kervanmagazacilik.com\/index.php\/wp-json\/wp\/v2\/product\/13470","targetHints":{"allow":["GET"]}}],"collection":[{"href":"https:\/\/kervanmagazacilik.com\/index.php\/wp-json\/wp\/v2\/product"}],"about":[{"href":"https:\/\/kervanmagazacilik.com\/index.php\/wp-json\/wp\/v2\/types\/product"}],"wp:featuredmedia":[{"embeddable":true,"href":"https:\/\/kervanmagazacilik.com\/index.php\/wp-json\/wp\/v2\/media\/13471"}],"wp:attachment":[{"href":"https:\/\/kervanmagazacilik.com\/index.php\/wp-json\/wp\/v2\/media?parent=13470"}],"wp:term":[{"taxonomy":"product_brand","embeddable":true,"href":"https:\/\/kervanmagazacilik.com\/index.php\/wp-json\/wp\/v2\/product_brand?post=13470"},{"taxonomy":"product_cat","embeddable":true,"href":"https:\/\/kervanmagazacilik.com\/index.php\/wp-json\/wp\/v2\/product_cat?post=13470"},{"taxonomy":"product_tag","embeddable":true,"href":"https:\/\/kervanmagazacilik.com\/index.php\/wp-json\/wp\/v2\/product_tag?post=13470"}],"curies":[{"name":"wp","href":"https:\/\/api.w.org\/{rel}","templated":true}]}}