{"id":13374,"date":"2024-11-12T01:11:03","date_gmt":"2024-11-11T22:11:03","guid":{"rendered":"https:\/\/kervanmagazacilik.com\/?post_type=product&#038;p=13374"},"modified":"2024-11-12T01:11:04","modified_gmt":"2024-11-11T22:11:04","slug":"241ykt000007","status":"publish","type":"product","link":"https:\/\/kervanmagazacilik.com\/index.php\/urun\/241ykt000007\/","title":{"rendered":"241YKT000007"},"content":{"rendered":"<p>241YKT000007<\/p>\n<p>ALEGRA 6 LI KASIKLIK 12x26cm<\/p>\n<p>SUN\u0130 DER\u0130<\/p>\n<p>HAF\u0130F NEML\u0130 BEZLE S\u0130L\u0130NEB\u0130L\u0130R.<\/p>\n","protected":false},"excerpt":{"rendered":"<p>241YKT000007 ALEGRA 6 LI KASIKLIK 12x26cm SUN\u0130 DER\u0130 HAF\u0130F NEML\u0130 BEZLE S\u0130L\u0130NEB\u0130L\u0130R.<\/p>\n","protected":false},"featured_media":13375,"template":"","meta":[],"product_brand":[],"product_cat":[2924],"product_tag":[2928],"class_list":{"0":"post-13374","1":"product","2":"type-product","3":"status-publish","4":"has-post-thumbnail","6":"product_cat-241ykt","7":"product_tag-241ykt000007","9":"first","10":"instock","11":"taxable","12":"shipping-taxable","13":"product-type-simple"},"_links":{"self":[{"href":"https:\/\/kervanmagazacilik.com\/index.php\/wp-json\/wp\/v2\/product\/13374","targetHints":{"allow":["GET"]}}],"collection":[{"href":"https:\/\/kervanmagazacilik.com\/index.php\/wp-json\/wp\/v2\/product"}],"about":[{"href":"https:\/\/kervanmagazacilik.com\/index.php\/wp-json\/wp\/v2\/types\/product"}],"wp:featuredmedia":[{"embeddable":true,"href":"https:\/\/kervanmagazacilik.com\/index.php\/wp-json\/wp\/v2\/media\/13375"}],"wp:attachment":[{"href":"https:\/\/kervanmagazacilik.com\/index.php\/wp-json\/wp\/v2\/media?parent=13374"}],"wp:term":[{"taxonomy":"product_brand","embeddable":true,"href":"https:\/\/kervanmagazacilik.com\/index.php\/wp-json\/wp\/v2\/product_brand?post=13374"},{"taxonomy":"product_cat","embeddable":true,"href":"https:\/\/kervanmagazacilik.com\/index.php\/wp-json\/wp\/v2\/product_cat?post=13374"},{"taxonomy":"product_tag","embeddable":true,"href":"https:\/\/kervanmagazacilik.com\/index.php\/wp-json\/wp\/v2\/product_tag?post=13374"}],"curies":[{"name":"wp","href":"https:\/\/api.w.org\/{rel}","templated":true}]}}