{"id":13357,"date":"2024-11-11T19:39:14","date_gmt":"2024-11-11T16:39:14","guid":{"rendered":"https:\/\/kervanmagazacilik.com\/?post_type=product&#038;p=13357"},"modified":"2024-11-11T19:39:14","modified_gmt":"2024-11-11T16:39:14","slug":"241can000013","status":"publish","type":"product","link":"https:\/\/kervanmagazacilik.com\/index.php\/urun\/241can000013\/","title":{"rendered":"241CAN000013"},"content":{"rendered":"<p>241CAN000013<\/p>\n<p>40760 RUNNER KAHVE BEJ-SIMLI 40x100m<\/p>\n<p>Kuma\u015f; %100 Polyester<br \/>\nAksesuar; %100 Polyester<br \/>\n30 derece y\u0131kama<br \/>\n\u00c7ama\u015f\u0131r suyu konamaz<br \/>\nKurutma makinesinde kurutulamaz<br \/>\nD\u00fc\u015f\u00fck \u0131s\u0131da \u00fct\u00fclenmelidir<\/p>\n","protected":false},"excerpt":{"rendered":"<p>241CAN000013 40760 RUNNER KAHVE BEJ-SIMLI 40x100m Kuma\u015f; %100 Polyester Aksesuar; %100 Polyester 30 derece y\u0131kama \u00c7ama\u015f\u0131r suyu konamaz Kurutma makinesinde kurutulamaz D\u00fc\u015f\u00fck \u0131s\u0131da \u00fct\u00fclenmelidir<\/p>\n","protected":false},"featured_media":13359,"template":"","meta":[],"product_brand":[],"product_cat":[1990],"product_tag":[2920],"class_list":{"0":"post-13357","1":"product","2":"type-product","3":"status-publish","4":"has-post-thumbnail","6":"product_cat-241can","7":"product_tag-241can000013","9":"first","10":"instock","11":"taxable","12":"shipping-taxable","13":"product-type-simple"},"_links":{"self":[{"href":"https:\/\/kervanmagazacilik.com\/index.php\/wp-json\/wp\/v2\/product\/13357","targetHints":{"allow":["GET"]}}],"collection":[{"href":"https:\/\/kervanmagazacilik.com\/index.php\/wp-json\/wp\/v2\/product"}],"about":[{"href":"https:\/\/kervanmagazacilik.com\/index.php\/wp-json\/wp\/v2\/types\/product"}],"wp:featuredmedia":[{"embeddable":true,"href":"https:\/\/kervanmagazacilik.com\/index.php\/wp-json\/wp\/v2\/media\/13359"}],"wp:attachment":[{"href":"https:\/\/kervanmagazacilik.com\/index.php\/wp-json\/wp\/v2\/media?parent=13357"}],"wp:term":[{"taxonomy":"product_brand","embeddable":true,"href":"https:\/\/kervanmagazacilik.com\/index.php\/wp-json\/wp\/v2\/product_brand?post=13357"},{"taxonomy":"product_cat","embeddable":true,"href":"https:\/\/kervanmagazacilik.com\/index.php\/wp-json\/wp\/v2\/product_cat?post=13357"},{"taxonomy":"product_tag","embeddable":true,"href":"https:\/\/kervanmagazacilik.com\/index.php\/wp-json\/wp\/v2\/product_tag?post=13357"}],"curies":[{"name":"wp","href":"https:\/\/api.w.org\/{rel}","templated":true}]}}