{"id":13331,"date":"2024-11-11T17:42:22","date_gmt":"2024-11-11T14:42:22","guid":{"rendered":"https:\/\/kervanmagazacilik.com\/?post_type=product&#038;p=13331"},"modified":"2024-11-11T17:42:22","modified_gmt":"2024-11-11T14:42:22","slug":"161uck000227","status":"publish","type":"product","link":"https:\/\/kervanmagazacilik.com\/index.php\/urun\/161uck000227\/","title":{"rendered":"161UCK000227"},"content":{"rendered":"<p>161UCK000227<\/p>\n<p>L\u0130ON BAYAN BORNOZ SET 4 PR\u00c7. BEJ<\/p>\n<p>%60 PENYE %40 COTTON<br \/>\n\u0130\u00c7ER\u0130K: 1 ADET BORNOZ + 1 ADET 70X140 CM HAVLU+ 1 ADET 50X90 CM HAVLU + 1 \u00c7\u0130FT TERL\u0130K 30 derece narin y\u0131kama<br \/>\n\u00c7ama\u015f\u0131r suyu konamaz<br \/>\nKurutma makinesinde kurutulamaz<br \/>\nD\u00fc\u015f\u00fck \u0131s\u0131da \u00fct\u00fclenmelidir<\/p>\n<p>ALT GRUP: BANYO TEKST\u0130L\u0130<\/p>\n<p>BORNOZ: 360 gr\/m2<br \/>\n70&#215;140 cm HAVLU: 480 gr\/m2<br \/>\n50&#215;90 cm HAVLU: 480 gr\/m2<\/p>\n","protected":false},"excerpt":{"rendered":"<p>161UCK000227 L\u0130ON BAYAN BORNOZ SET 4 PR\u00c7. BEJ %60 PENYE %40 COTTON \u0130\u00c7ER\u0130K: 1 ADET BORNOZ + 1 ADET 70X140 CM HAVLU+ 1 ADET 50X90 CM HAVLU + 1 \u00c7\u0130FT TERL\u0130K 30 derece narin y\u0131kama \u00c7ama\u015f\u0131r suyu konamaz Kurutma makinesinde kurutulamaz D\u00fc\u015f\u00fck \u0131s\u0131da \u00fct\u00fclenmelidir ALT GRUP: BANYO TEKST\u0130L\u0130 BORNOZ: 360 gr\/m2 70&#215;140 cm HAVLU: 480 [&hellip;]<\/p>\n","protected":false},"featured_media":13332,"template":"","meta":[],"product_brand":[],"product_cat":[2878],"product_tag":[2914],"class_list":{"0":"post-13331","1":"product","2":"type-product","3":"status-publish","4":"has-post-thumbnail","6":"product_cat-161hsh","7":"product_tag-161uck000227","9":"first","10":"instock","11":"taxable","12":"shipping-taxable","13":"product-type-simple"},"_links":{"self":[{"href":"https:\/\/kervanmagazacilik.com\/index.php\/wp-json\/wp\/v2\/product\/13331","targetHints":{"allow":["GET"]}}],"collection":[{"href":"https:\/\/kervanmagazacilik.com\/index.php\/wp-json\/wp\/v2\/product"}],"about":[{"href":"https:\/\/kervanmagazacilik.com\/index.php\/wp-json\/wp\/v2\/types\/product"}],"wp:featuredmedia":[{"embeddable":true,"href":"https:\/\/kervanmagazacilik.com\/index.php\/wp-json\/wp\/v2\/media\/13332"}],"wp:attachment":[{"href":"https:\/\/kervanmagazacilik.com\/index.php\/wp-json\/wp\/v2\/media?parent=13331"}],"wp:term":[{"taxonomy":"product_brand","embeddable":true,"href":"https:\/\/kervanmagazacilik.com\/index.php\/wp-json\/wp\/v2\/product_brand?post=13331"},{"taxonomy":"product_cat","embeddable":true,"href":"https:\/\/kervanmagazacilik.com\/index.php\/wp-json\/wp\/v2\/product_cat?post=13331"},{"taxonomy":"product_tag","embeddable":true,"href":"https:\/\/kervanmagazacilik.com\/index.php\/wp-json\/wp\/v2\/product_tag?post=13331"}],"curies":[{"name":"wp","href":"https:\/\/api.w.org\/{rel}","templated":true}]}}