{"id":13231,"date":"2024-11-11T05:31:10","date_gmt":"2024-11-11T02:31:10","guid":{"rendered":"https:\/\/kervanmagazacilik.com\/?post_type=product&#038;p=13231"},"modified":"2024-11-11T05:33:42","modified_gmt":"2024-11-11T02:33:42","slug":"161uck000039","status":"publish","type":"product","link":"https:\/\/kervanmagazacilik.com\/index.php\/urun\/161uck000039\/","title":{"rendered":"161UCK000212"},"content":{"rendered":"<p>161UCK000212<\/p>\n<p>BEYZA BORNOZ A\u0130LE SET 6 PR\u00c7. PUDRA-EKRU<\/p>\n<p>%60 COTTON %40 BAMBO<br \/>\n\u0130\u00c7ER\u0130K: 1 ADET KADIN BORNOZ + 1 ADET ERKEK BORNOZ + 2 ADET 90X150 CM HAVLU+ 2 ADET 50X90 CM HAVLU 30 derece narin y\u0131kama<br \/>\n\u00c7ama\u015f\u0131r suyu konamaz<br \/>\nKurutma makinesinde kurutulamaz<br \/>\nD\u00fc\u015f\u00fck \u0131s\u0131da \u00fct\u00fclenmelidir<\/p>\n<p>ALT GRUP: BANYO TEKST\u0130L\u0130<\/p>\n<p>BORNOZ: 360 gr\/m2<br \/>\n90&#215;150 cm HAVLU: 480 gr\/m2<br \/>\n50&#215;90 cm HAVLU: 480 gr\/m2<\/p>\n","protected":false},"excerpt":{"rendered":"<p>161UCK000212 BEYZA BORNOZ A\u0130LE SET 6 PR\u00c7. PUDRA-EKRU %60 COTTON %40 BAMBO \u0130\u00c7ER\u0130K: 1 ADET KADIN BORNOZ + 1 ADET ERKEK BORNOZ + 2 ADET 90X150 CM HAVLU+ 2 ADET 50X90 CM HAVLU 30 derece narin y\u0131kama \u00c7ama\u015f\u0131r suyu konamaz Kurutma makinesinde kurutulamaz D\u00fc\u015f\u00fck \u0131s\u0131da \u00fct\u00fclenmelidir ALT GRUP: BANYO TEKST\u0130L\u0130 BORNOZ: 360 gr\/m2 90&#215;150 cm [&hellip;]<\/p>\n","protected":false},"featured_media":13233,"template":"","meta":[],"product_brand":[],"product_cat":[2901],"product_tag":[2903],"class_list":{"0":"post-13231","1":"product","2":"type-product","3":"status-publish","4":"has-post-thumbnail","6":"product_cat-161uck","7":"product_tag-161uck000212","9":"first","10":"instock","11":"taxable","12":"shipping-taxable","13":"product-type-simple"},"_links":{"self":[{"href":"https:\/\/kervanmagazacilik.com\/index.php\/wp-json\/wp\/v2\/product\/13231","targetHints":{"allow":["GET"]}}],"collection":[{"href":"https:\/\/kervanmagazacilik.com\/index.php\/wp-json\/wp\/v2\/product"}],"about":[{"href":"https:\/\/kervanmagazacilik.com\/index.php\/wp-json\/wp\/v2\/types\/product"}],"wp:featuredmedia":[{"embeddable":true,"href":"https:\/\/kervanmagazacilik.com\/index.php\/wp-json\/wp\/v2\/media\/13233"}],"wp:attachment":[{"href":"https:\/\/kervanmagazacilik.com\/index.php\/wp-json\/wp\/v2\/media?parent=13231"}],"wp:term":[{"taxonomy":"product_brand","embeddable":true,"href":"https:\/\/kervanmagazacilik.com\/index.php\/wp-json\/wp\/v2\/product_brand?post=13231"},{"taxonomy":"product_cat","embeddable":true,"href":"https:\/\/kervanmagazacilik.com\/index.php\/wp-json\/wp\/v2\/product_cat?post=13231"},{"taxonomy":"product_tag","embeddable":true,"href":"https:\/\/kervanmagazacilik.com\/index.php\/wp-json\/wp\/v2\/product_tag?post=13231"}],"curies":[{"name":"wp","href":"https:\/\/api.w.org\/{rel}","templated":true}]}}