{"id":13179,"date":"2024-11-11T03:14:22","date_gmt":"2024-11-11T00:14:22","guid":{"rendered":"https:\/\/kervanmagazacilik.com\/?post_type=product&#038;p=13179"},"modified":"2024-11-11T03:14:22","modified_gmt":"2024-11-11T00:14:22","slug":"161hsh001112","status":"publish","type":"product","link":"https:\/\/kervanmagazacilik.com\/index.php\/urun\/161hsh001112\/","title":{"rendered":"161HSH001112"},"content":{"rendered":"<p>161HSH001112<\/p>\n<p>CAR\u0130LLA L\/XL BEDEN BORNOZ TA\u015e<\/p>\n<div>Bornoz; %60 pamuk %40 bambu<\/div>\n<div>Aksesuar; %100 polyester<\/div>\n<div>30 derece y\u0131kama<\/div>\n<div>\u00c7ama\u015f\u0131r suyu konamaz<\/div>\n<div>Kurutma makinesinde kurutulamaz<\/div>\n<div>D\u00fc\u015f\u00fck \u0131s\u0131da \u00fct\u00fclenmelidir<\/div>\n<div><\/div>\n<div>ALT GRUP: BANYO TEKST\u0130L\u0130<\/div>\n","protected":false},"excerpt":{"rendered":"<p>161HSH001112 CAR\u0130LLA L\/XL BEDEN BORNOZ TA\u015e Bornoz; %60 pamuk %40 bambu Aksesuar; %100 polyester 30 derece y\u0131kama \u00c7ama\u015f\u0131r suyu konamaz Kurutma makinesinde kurutulamaz D\u00fc\u015f\u00fck \u0131s\u0131da \u00fct\u00fclenmelidir ALT GRUP: BANYO TEKST\u0130L\u0130<\/p>\n","protected":false},"featured_media":13181,"template":"","meta":[],"product_brand":[],"product_cat":[2878],"product_tag":[2895],"class_list":{"0":"post-13179","1":"product","2":"type-product","3":"status-publish","4":"has-post-thumbnail","6":"product_cat-161hsh","7":"product_tag-161hsh001112","9":"first","10":"instock","11":"taxable","12":"shipping-taxable","13":"product-type-simple"},"_links":{"self":[{"href":"https:\/\/kervanmagazacilik.com\/index.php\/wp-json\/wp\/v2\/product\/13179","targetHints":{"allow":["GET"]}}],"collection":[{"href":"https:\/\/kervanmagazacilik.com\/index.php\/wp-json\/wp\/v2\/product"}],"about":[{"href":"https:\/\/kervanmagazacilik.com\/index.php\/wp-json\/wp\/v2\/types\/product"}],"wp:featuredmedia":[{"embeddable":true,"href":"https:\/\/kervanmagazacilik.com\/index.php\/wp-json\/wp\/v2\/media\/13181"}],"wp:attachment":[{"href":"https:\/\/kervanmagazacilik.com\/index.php\/wp-json\/wp\/v2\/media?parent=13179"}],"wp:term":[{"taxonomy":"product_brand","embeddable":true,"href":"https:\/\/kervanmagazacilik.com\/index.php\/wp-json\/wp\/v2\/product_brand?post=13179"},{"taxonomy":"product_cat","embeddable":true,"href":"https:\/\/kervanmagazacilik.com\/index.php\/wp-json\/wp\/v2\/product_cat?post=13179"},{"taxonomy":"product_tag","embeddable":true,"href":"https:\/\/kervanmagazacilik.com\/index.php\/wp-json\/wp\/v2\/product_tag?post=13179"}],"curies":[{"name":"wp","href":"https:\/\/api.w.org\/{rel}","templated":true}]}}