{"id":13087,"date":"2024-11-11T00:31:32","date_gmt":"2024-11-10T21:31:32","guid":{"rendered":"https:\/\/kervanmagazacilik.com\/?post_type=product&#038;p=13087"},"modified":"2024-11-11T00:35:30","modified_gmt":"2024-11-10T21:35:30","slug":"150hsh000957","status":"publish","type":"product","link":"https:\/\/kervanmagazacilik.com\/index.php\/urun\/150hsh000957\/","title":{"rendered":"150HSH000957"},"content":{"rendered":"<p>150HSH000957<\/p>\n<p>BORCAS SECCADE SET\u0130 BORDO 75x120cm 2 PRC<\/p>\n<div>Kuma\u015f, %100 polyester<\/div>\n<div>Aksesuar, %100 polyester<\/div>\n<div>Sadece kuru temizleme yap\u0131lmal\u0131d\u0131r<\/div>\n<div><\/div>\n<div>ALT GRUP: D\u0130\u011eER\u00a0 TEKST\u0130L \u00dcR\u00dcNLER\u0130<\/div>\n<div><\/div>\n<div>SECCADE: 80X130 CM<\/div>\n<div>\u00d6l\u00e7\u00fcler +\/- 5 cm de\u011fi\u015fkenlik g\u00f6sterebilir<\/div>\n","protected":false},"excerpt":{"rendered":"<p>150HSH000957 BORCAS SECCADE SET\u0130 BORDO 75x120cm 2 PRC Kuma\u015f, %100 polyester Aksesuar, %100 polyester Sadece kuru temizleme yap\u0131lmal\u0131d\u0131r ALT GRUP: D\u0130\u011eER\u00a0 TEKST\u0130L \u00dcR\u00dcNLER\u0130 SECCADE: 80X130 CM \u00d6l\u00e7\u00fcler +\/- 5 cm de\u011fi\u015fkenlik g\u00f6sterebilir<\/p>\n","protected":false},"featured_media":13095,"template":"","meta":[],"product_brand":[],"product_cat":[164],"product_tag":[2876],"class_list":{"0":"post-13087","1":"product","2":"type-product","3":"status-publish","4":"has-post-thumbnail","6":"product_cat-150hsh","7":"product_tag-150hsh000957","9":"first","10":"instock","11":"taxable","12":"shipping-taxable","13":"product-type-simple"},"_links":{"self":[{"href":"https:\/\/kervanmagazacilik.com\/index.php\/wp-json\/wp\/v2\/product\/13087","targetHints":{"allow":["GET"]}}],"collection":[{"href":"https:\/\/kervanmagazacilik.com\/index.php\/wp-json\/wp\/v2\/product"}],"about":[{"href":"https:\/\/kervanmagazacilik.com\/index.php\/wp-json\/wp\/v2\/types\/product"}],"wp:featuredmedia":[{"embeddable":true,"href":"https:\/\/kervanmagazacilik.com\/index.php\/wp-json\/wp\/v2\/media\/13095"}],"wp:attachment":[{"href":"https:\/\/kervanmagazacilik.com\/index.php\/wp-json\/wp\/v2\/media?parent=13087"}],"wp:term":[{"taxonomy":"product_brand","embeddable":true,"href":"https:\/\/kervanmagazacilik.com\/index.php\/wp-json\/wp\/v2\/product_brand?post=13087"},{"taxonomy":"product_cat","embeddable":true,"href":"https:\/\/kervanmagazacilik.com\/index.php\/wp-json\/wp\/v2\/product_cat?post=13087"},{"taxonomy":"product_tag","embeddable":true,"href":"https:\/\/kervanmagazacilik.com\/index.php\/wp-json\/wp\/v2\/product_tag?post=13087"}],"curies":[{"name":"wp","href":"https:\/\/api.w.org\/{rel}","templated":true}]}}