{"id":13066,"date":"2024-11-11T00:10:25","date_gmt":"2024-11-10T21:10:25","guid":{"rendered":"https:\/\/kervanmagazacilik.com\/?post_type=product&#038;p=13066"},"modified":"2024-11-11T00:10:25","modified_gmt":"2024-11-10T21:10:25","slug":"150hsh000904","status":"publish","type":"product","link":"https:\/\/kervanmagazacilik.com\/index.php\/urun\/150hsh000904\/","title":{"rendered":"150HSH000904"},"content":{"rendered":"<p>150HSH000904<\/p>\n<p>NENASS SECCADE SETI KREM-GOLD 3 PRC<\/p>\n<p>Kuma\u015f, %100 polyester<br \/>\nSadece kuru temizleme yap\u0131lmal\u0131d\u0131r<\/p>\n<p>SECCADE: 75X120 CM<br \/>\nT\u00dcLBENT: 75X150 CM<br \/>\nTESB\u0130H: 1 ADET<\/p>\n","protected":false},"excerpt":{"rendered":"<p>150HSH000904 NENASS SECCADE SETI KREM-GOLD 3 PRC Kuma\u015f, %100 polyester Sadece kuru temizleme yap\u0131lmal\u0131d\u0131r SECCADE: 75X120 CM T\u00dcLBENT: 75X150 CM TESB\u0130H: 1 ADET<\/p>\n","protected":false},"featured_media":13069,"template":"","meta":[],"product_brand":[],"product_cat":[164],"product_tag":[2871],"class_list":{"0":"post-13066","1":"product","2":"type-product","3":"status-publish","4":"has-post-thumbnail","6":"product_cat-150hsh","7":"product_tag-150hsh000904","9":"first","10":"instock","11":"taxable","12":"shipping-taxable","13":"product-type-simple"},"_links":{"self":[{"href":"https:\/\/kervanmagazacilik.com\/index.php\/wp-json\/wp\/v2\/product\/13066","targetHints":{"allow":["GET"]}}],"collection":[{"href":"https:\/\/kervanmagazacilik.com\/index.php\/wp-json\/wp\/v2\/product"}],"about":[{"href":"https:\/\/kervanmagazacilik.com\/index.php\/wp-json\/wp\/v2\/types\/product"}],"wp:featuredmedia":[{"embeddable":true,"href":"https:\/\/kervanmagazacilik.com\/index.php\/wp-json\/wp\/v2\/media\/13069"}],"wp:attachment":[{"href":"https:\/\/kervanmagazacilik.com\/index.php\/wp-json\/wp\/v2\/media?parent=13066"}],"wp:term":[{"taxonomy":"product_brand","embeddable":true,"href":"https:\/\/kervanmagazacilik.com\/index.php\/wp-json\/wp\/v2\/product_brand?post=13066"},{"taxonomy":"product_cat","embeddable":true,"href":"https:\/\/kervanmagazacilik.com\/index.php\/wp-json\/wp\/v2\/product_cat?post=13066"},{"taxonomy":"product_tag","embeddable":true,"href":"https:\/\/kervanmagazacilik.com\/index.php\/wp-json\/wp\/v2\/product_tag?post=13066"}],"curies":[{"name":"wp","href":"https:\/\/api.w.org\/{rel}","templated":true}]}}