{"id":12962,"date":"2024-11-10T20:00:57","date_gmt":"2024-11-10T17:00:57","guid":{"rendered":"https:\/\/kervanmagazacilik.com\/?post_type=product&#038;p=12962"},"modified":"2024-11-10T20:00:57","modified_gmt":"2024-11-10T17:00:57","slug":"prj300000009","status":"publish","type":"product","link":"https:\/\/kervanmagazacilik.com\/index.php\/urun\/prj300000009\/","title":{"rendered":"PRJ300000009"},"content":{"rendered":"<p>PRJ300000009<\/p>\n<p>BOHEMIAN HALI VG 06 BLACK VIZON 240x300cm<\/p>\n<p>\u00d6zel Tezgah Hal\u0131s\u0131 %100 Bambu 2750 (+ \/- ) %3 7 MM (+\/-) %3<\/p>\n","protected":false},"excerpt":{"rendered":"<p>PRJ300000009 BOHEMIAN HALI VG 06 BLACK VIZON 240x300cm \u00d6zel Tezgah Hal\u0131s\u0131 %100 Bambu 2750 (+ \/- ) %3 7 MM (+\/-) %3<\/p>\n","protected":false},"featured_media":12963,"template":"","meta":[],"product_brand":[],"product_cat":[307],"product_tag":[2859],"class_list":{"0":"post-12962","1":"product","2":"type-product","3":"status-publish","4":"has-post-thumbnail","6":"product_cat-prj3","7":"product_tag-prj300000009","9":"first","10":"instock","11":"taxable","12":"shipping-taxable","13":"product-type-simple"},"_links":{"self":[{"href":"https:\/\/kervanmagazacilik.com\/index.php\/wp-json\/wp\/v2\/product\/12962","targetHints":{"allow":["GET"]}}],"collection":[{"href":"https:\/\/kervanmagazacilik.com\/index.php\/wp-json\/wp\/v2\/product"}],"about":[{"href":"https:\/\/kervanmagazacilik.com\/index.php\/wp-json\/wp\/v2\/types\/product"}],"wp:featuredmedia":[{"embeddable":true,"href":"https:\/\/kervanmagazacilik.com\/index.php\/wp-json\/wp\/v2\/media\/12963"}],"wp:attachment":[{"href":"https:\/\/kervanmagazacilik.com\/index.php\/wp-json\/wp\/v2\/media?parent=12962"}],"wp:term":[{"taxonomy":"product_brand","embeddable":true,"href":"https:\/\/kervanmagazacilik.com\/index.php\/wp-json\/wp\/v2\/product_brand?post=12962"},{"taxonomy":"product_cat","embeddable":true,"href":"https:\/\/kervanmagazacilik.com\/index.php\/wp-json\/wp\/v2\/product_cat?post=12962"},{"taxonomy":"product_tag","embeddable":true,"href":"https:\/\/kervanmagazacilik.com\/index.php\/wp-json\/wp\/v2\/product_tag?post=12962"}],"curies":[{"name":"wp","href":"https:\/\/api.w.org\/{rel}","templated":true}]}}