{"id":12720,"date":"2024-11-10T01:52:36","date_gmt":"2024-11-09T22:52:36","guid":{"rendered":"https:\/\/kervanmagazacilik.com\/?post_type=product&#038;p=12720"},"modified":"2024-11-10T01:52:36","modified_gmt":"2024-11-09T22:52:36","slug":"141uck000415","status":"publish","type":"product","link":"https:\/\/kervanmagazacilik.com\/index.php\/urun\/141uck000415\/","title":{"rendered":"141UCK000415"},"content":{"rendered":"<p>141UCK000415<\/p>\n<p>DORE HAVLU 70X140 CM KREM<\/p>\n<p>%60 PENYE %40 COTTON<br \/>\n30 derece narin y\u0131kama<br \/>\n\u00c7ama\u015f\u0131r suyu konamaz<br \/>\nKurutma makinesinde kurutulamaz<br \/>\nD\u00fc\u015f\u00fck \u0131s\u0131da \u00fct\u00fclenmelidir<\/p>\n<p>ALT GRUP: BANYO TEKST\u0130L\u0130<\/p>\n<p>550 gr\/m2<\/p>\n","protected":false},"excerpt":{"rendered":"<p>141UCK000415 DORE HAVLU 70X140 CM KREM %60 PENYE %40 COTTON 30 derece narin y\u0131kama \u00c7ama\u015f\u0131r suyu konamaz Kurutma makinesinde kurutulamaz D\u00fc\u015f\u00fck \u0131s\u0131da \u00fct\u00fclenmelidir ALT GRUP: BANYO TEKST\u0130L\u0130 550 gr\/m2<\/p>\n","protected":false},"featured_media":12721,"template":"","meta":[],"product_brand":[],"product_cat":[2630],"product_tag":[2799],"class_list":{"0":"post-12720","1":"product","2":"type-product","3":"status-publish","4":"has-post-thumbnail","6":"product_cat-141uck","7":"product_tag-141uck000415","9":"first","10":"instock","11":"taxable","12":"shipping-taxable","13":"product-type-simple"},"_links":{"self":[{"href":"https:\/\/kervanmagazacilik.com\/index.php\/wp-json\/wp\/v2\/product\/12720","targetHints":{"allow":["GET"]}}],"collection":[{"href":"https:\/\/kervanmagazacilik.com\/index.php\/wp-json\/wp\/v2\/product"}],"about":[{"href":"https:\/\/kervanmagazacilik.com\/index.php\/wp-json\/wp\/v2\/types\/product"}],"wp:featuredmedia":[{"embeddable":true,"href":"https:\/\/kervanmagazacilik.com\/index.php\/wp-json\/wp\/v2\/media\/12721"}],"wp:attachment":[{"href":"https:\/\/kervanmagazacilik.com\/index.php\/wp-json\/wp\/v2\/media?parent=12720"}],"wp:term":[{"taxonomy":"product_brand","embeddable":true,"href":"https:\/\/kervanmagazacilik.com\/index.php\/wp-json\/wp\/v2\/product_brand?post=12720"},{"taxonomy":"product_cat","embeddable":true,"href":"https:\/\/kervanmagazacilik.com\/index.php\/wp-json\/wp\/v2\/product_cat?post=12720"},{"taxonomy":"product_tag","embeddable":true,"href":"https:\/\/kervanmagazacilik.com\/index.php\/wp-json\/wp\/v2\/product_tag?post=12720"}],"curies":[{"name":"wp","href":"https:\/\/api.w.org\/{rel}","templated":true}]}}