{"id":12189,"date":"2024-11-05T02:47:20","date_gmt":"2024-11-04T23:47:20","guid":{"rendered":"https:\/\/kervanmagazacilik.com\/?post_type=product&#038;p=12189"},"modified":"2024-11-05T02:47:20","modified_gmt":"2024-11-04T23:47:20","slug":"10005elt0005","status":"publish","type":"product","link":"https:\/\/kervanmagazacilik.com\/index.php\/urun\/10005elt0005\/","title":{"rendered":"10005ELT0005"},"content":{"rendered":"<p>10005ELT0005<\/p>\n<p>CABALLO KIRLENT 50x50cm<\/p>\n<p>Sadece kuru temizleme yap\u0131lmal\u0131d\u0131r.<\/p>\n<p>&nbsp;<\/p>\n","protected":false},"excerpt":{"rendered":"<p>10005ELT0005 CABALLO KIRLENT 50x50cm Sadece kuru temizleme yap\u0131lmal\u0131d\u0131r. &nbsp;<\/p>\n","protected":false},"featured_media":12190,"template":"","meta":[],"product_brand":[],"product_cat":[2622],"product_tag":[2661],"class_list":{"0":"post-12189","1":"product","2":"type-product","3":"status-publish","4":"has-post-thumbnail","6":"product_cat-10005elt","7":"product_tag-10005elt0005","9":"first","10":"instock","11":"taxable","12":"shipping-taxable","13":"product-type-simple"},"_links":{"self":[{"href":"https:\/\/kervanmagazacilik.com\/index.php\/wp-json\/wp\/v2\/product\/12189","targetHints":{"allow":["GET"]}}],"collection":[{"href":"https:\/\/kervanmagazacilik.com\/index.php\/wp-json\/wp\/v2\/product"}],"about":[{"href":"https:\/\/kervanmagazacilik.com\/index.php\/wp-json\/wp\/v2\/types\/product"}],"wp:featuredmedia":[{"embeddable":true,"href":"https:\/\/kervanmagazacilik.com\/index.php\/wp-json\/wp\/v2\/media\/12190"}],"wp:attachment":[{"href":"https:\/\/kervanmagazacilik.com\/index.php\/wp-json\/wp\/v2\/media?parent=12189"}],"wp:term":[{"taxonomy":"product_brand","embeddable":true,"href":"https:\/\/kervanmagazacilik.com\/index.php\/wp-json\/wp\/v2\/product_brand?post=12189"},{"taxonomy":"product_cat","embeddable":true,"href":"https:\/\/kervanmagazacilik.com\/index.php\/wp-json\/wp\/v2\/product_cat?post=12189"},{"taxonomy":"product_tag","embeddable":true,"href":"https:\/\/kervanmagazacilik.com\/index.php\/wp-json\/wp\/v2\/product_tag?post=12189"}],"curies":[{"name":"wp","href":"https:\/\/api.w.org\/{rel}","templated":true}]}}