{"id":12160,"date":"2024-11-05T00:04:32","date_gmt":"2024-11-04T21:04:32","guid":{"rendered":"https:\/\/kervanmagazacilik.com\/?post_type=product&#038;p=12160"},"modified":"2024-11-05T00:04:33","modified_gmt":"2024-11-04T21:04:33","slug":"141uck000197","status":"publish","type":"product","link":"https:\/\/kervanmagazacilik.com\/index.php\/urun\/141uck000197\/","title":{"rendered":"141UCK000197"},"content":{"rendered":"<p>141UCK000197<\/p>\n<p>ROSINA 90X150 HAVLU KAHVE<\/p>\n<p>%100 COTTON 30 derece narin y\u0131kama yap\u0131lmal\u0131d\u0131r. \u00c7ama\u015f\u0131r suyu konamaz. Kurutma makinesinde kurutulamaz. D\u00fc\u015f\u00fck \u0131s\u0131da \u00fct\u00fclenmelidir.<\/p>\n","protected":false},"excerpt":{"rendered":"<p>141UCK000197 ROSINA 90X150 HAVLU KAHVE %100 COTTON 30 derece narin y\u0131kama yap\u0131lmal\u0131d\u0131r. \u00c7ama\u015f\u0131r suyu konamaz. Kurutma makinesinde kurutulamaz. D\u00fc\u015f\u00fck \u0131s\u0131da \u00fct\u00fclenmelidir.<\/p>\n","protected":false},"featured_media":12161,"template":"","meta":[],"product_brand":[],"product_cat":[2630],"product_tag":[2657],"class_list":{"0":"post-12160","1":"product","2":"type-product","3":"status-publish","4":"has-post-thumbnail","6":"product_cat-141uck","7":"product_tag-141uck000197","9":"first","10":"instock","11":"taxable","12":"shipping-taxable","13":"product-type-simple"},"_links":{"self":[{"href":"https:\/\/kervanmagazacilik.com\/index.php\/wp-json\/wp\/v2\/product\/12160","targetHints":{"allow":["GET"]}}],"collection":[{"href":"https:\/\/kervanmagazacilik.com\/index.php\/wp-json\/wp\/v2\/product"}],"about":[{"href":"https:\/\/kervanmagazacilik.com\/index.php\/wp-json\/wp\/v2\/types\/product"}],"wp:featuredmedia":[{"embeddable":true,"href":"https:\/\/kervanmagazacilik.com\/index.php\/wp-json\/wp\/v2\/media\/12161"}],"wp:attachment":[{"href":"https:\/\/kervanmagazacilik.com\/index.php\/wp-json\/wp\/v2\/media?parent=12160"}],"wp:term":[{"taxonomy":"product_brand","embeddable":true,"href":"https:\/\/kervanmagazacilik.com\/index.php\/wp-json\/wp\/v2\/product_brand?post=12160"},{"taxonomy":"product_cat","embeddable":true,"href":"https:\/\/kervanmagazacilik.com\/index.php\/wp-json\/wp\/v2\/product_cat?post=12160"},{"taxonomy":"product_tag","embeddable":true,"href":"https:\/\/kervanmagazacilik.com\/index.php\/wp-json\/wp\/v2\/product_tag?post=12160"}],"curies":[{"name":"wp","href":"https:\/\/api.w.org\/{rel}","templated":true}]}}