{"id":12080,"date":"2024-11-04T21:35:46","date_gmt":"2024-11-04T18:35:46","guid":{"rendered":"https:\/\/kervanmagazacilik.com\/?post_type=product&#038;p=12080"},"modified":"2024-11-04T21:35:46","modified_gmt":"2024-11-04T18:35:46","slug":"10005ama0019","status":"publish","type":"product","link":"https:\/\/kervanmagazacilik.com\/index.php\/urun\/10005ama0019\/","title":{"rendered":"10005AMA0019"},"content":{"rendered":"<p>10005AMA0019<\/p>\n<p>VIGGO KIRLENT 40x40cm<\/p>\n<p>Kuru temizleme yap\u0131lmal\u0131d\u0131r.<\/p>\n","protected":false},"excerpt":{"rendered":"<p>10005AMA0019 VIGGO KIRLENT 40x40cm Kuru temizleme yap\u0131lmal\u0131d\u0131r.<\/p>\n","protected":false},"featured_media":12082,"template":"","meta":[],"product_brand":[],"product_cat":[2621],"product_tag":[2645],"class_list":{"0":"post-12080","1":"product","2":"type-product","3":"status-publish","4":"has-post-thumbnail","6":"product_cat-10005ama","7":"product_tag-10005ama0019","9":"first","10":"instock","11":"taxable","12":"shipping-taxable","13":"product-type-simple"},"_links":{"self":[{"href":"https:\/\/kervanmagazacilik.com\/index.php\/wp-json\/wp\/v2\/product\/12080","targetHints":{"allow":["GET"]}}],"collection":[{"href":"https:\/\/kervanmagazacilik.com\/index.php\/wp-json\/wp\/v2\/product"}],"about":[{"href":"https:\/\/kervanmagazacilik.com\/index.php\/wp-json\/wp\/v2\/types\/product"}],"wp:featuredmedia":[{"embeddable":true,"href":"https:\/\/kervanmagazacilik.com\/index.php\/wp-json\/wp\/v2\/media\/12082"}],"wp:attachment":[{"href":"https:\/\/kervanmagazacilik.com\/index.php\/wp-json\/wp\/v2\/media?parent=12080"}],"wp:term":[{"taxonomy":"product_brand","embeddable":true,"href":"https:\/\/kervanmagazacilik.com\/index.php\/wp-json\/wp\/v2\/product_brand?post=12080"},{"taxonomy":"product_cat","embeddable":true,"href":"https:\/\/kervanmagazacilik.com\/index.php\/wp-json\/wp\/v2\/product_cat?post=12080"},{"taxonomy":"product_tag","embeddable":true,"href":"https:\/\/kervanmagazacilik.com\/index.php\/wp-json\/wp\/v2\/product_tag?post=12080"}],"curies":[{"name":"wp","href":"https:\/\/api.w.org\/{rel}","templated":true}]}}