{"id":11931,"date":"2024-11-03T22:17:34","date_gmt":"2024-11-03T19:17:34","guid":{"rendered":"https:\/\/kervanmagazacilik.com\/?post_type=product&#038;p=11931"},"modified":"2024-11-03T22:17:34","modified_gmt":"2024-11-03T19:17:34","slug":"072hsh000920","status":"publish","type":"product","link":"https:\/\/kervanmagazacilik.com\/index.php\/urun\/072hsh000920\/","title":{"rendered":"072HSH000920"},"content":{"rendered":"<p>072HSH000920<\/p>\n<p>RENGNAS KIRLENT SARI 45x45cm<\/p>\n<p>Kuma\u015f, %65 pamuk %35 polyester<br \/>\n%100 Ka\u011f\u0131t ip<br \/>\nEl \u00f6rg\u00fcs\u00fcd\u00fcr.<br \/>\nY\u0131kama yap\u0131lamaz<br \/>\n\u00c7ama\u015f\u0131r suyu konamaz<br \/>\nKurutma makinesinde kurutulamaz<br \/>\n\u00dct\u00fcleme yap\u0131lamaz<br \/>\nSadece nemli bez ile silinebilir<br \/>\n\u00d6l\u00e7\u00fcler +\/- 5 cm de\u011fi\u015fkenlik g\u00f6sterebilir<\/p>\n","protected":false},"excerpt":{"rendered":"<p>072HSH000920 RENGNAS KIRLENT SARI 45x45cm Kuma\u015f, %65 pamuk %35 polyester %100 Ka\u011f\u0131t ip El \u00f6rg\u00fcs\u00fcd\u00fcr. Y\u0131kama yap\u0131lamaz \u00c7ama\u015f\u0131r suyu konamaz Kurutma makinesinde kurutulamaz \u00dct\u00fcleme yap\u0131lamaz Sadece nemli bez ile silinebilir \u00d6l\u00e7\u00fcler +\/- 5 cm de\u011fi\u015fkenlik g\u00f6sterebilir<\/p>\n","protected":false},"featured_media":11932,"template":"","meta":[],"product_brand":[],"product_cat":[2589],"product_tag":[2601],"class_list":{"0":"post-11931","1":"product","2":"type-product","3":"status-publish","4":"has-post-thumbnail","6":"product_cat-072hsh","7":"product_tag-072hsh000920","9":"first","10":"instock","11":"taxable","12":"shipping-taxable","13":"product-type-simple"},"_links":{"self":[{"href":"https:\/\/kervanmagazacilik.com\/index.php\/wp-json\/wp\/v2\/product\/11931","targetHints":{"allow":["GET"]}}],"collection":[{"href":"https:\/\/kervanmagazacilik.com\/index.php\/wp-json\/wp\/v2\/product"}],"about":[{"href":"https:\/\/kervanmagazacilik.com\/index.php\/wp-json\/wp\/v2\/types\/product"}],"wp:featuredmedia":[{"embeddable":true,"href":"https:\/\/kervanmagazacilik.com\/index.php\/wp-json\/wp\/v2\/media\/11932"}],"wp:attachment":[{"href":"https:\/\/kervanmagazacilik.com\/index.php\/wp-json\/wp\/v2\/media?parent=11931"}],"wp:term":[{"taxonomy":"product_brand","embeddable":true,"href":"https:\/\/kervanmagazacilik.com\/index.php\/wp-json\/wp\/v2\/product_brand?post=11931"},{"taxonomy":"product_cat","embeddable":true,"href":"https:\/\/kervanmagazacilik.com\/index.php\/wp-json\/wp\/v2\/product_cat?post=11931"},{"taxonomy":"product_tag","embeddable":true,"href":"https:\/\/kervanmagazacilik.com\/index.php\/wp-json\/wp\/v2\/product_tag?post=11931"}],"curies":[{"name":"wp","href":"https:\/\/api.w.org\/{rel}","templated":true}]}}