{"id":11915,"date":"2024-11-03T20:57:26","date_gmt":"2024-11-03T17:57:26","guid":{"rendered":"https:\/\/kervanmagazacilik.com\/?post_type=product&#038;p=11915"},"modified":"2024-11-03T20:57:26","modified_gmt":"2024-11-03T17:57:26","slug":"072hsh000179","status":"publish","type":"product","link":"https:\/\/kervanmagazacilik.com\/index.php\/urun\/072hsh000179\/","title":{"rendered":"072HSH000179"},"content":{"rendered":"<p>072HSH000179<\/p>\n<p>JERI KIRLENT KREM 35x60cm<\/p>\n<p>Kuma\u015f: %65 Keten %35 Polyester<br \/>\nAksesuar; %100 J\u00fct<br \/>\nSadece kuru temizleme yap\u0131lmal\u0131d\u0131r<\/p>\n","protected":false},"excerpt":{"rendered":"<p>072HSH000179 JERI KIRLENT KREM 35x60cm Kuma\u015f: %65 Keten %35 Polyester Aksesuar; %100 J\u00fct Sadece kuru temizleme yap\u0131lmal\u0131d\u0131r<\/p>\n","protected":false},"featured_media":11916,"template":"","meta":[],"product_brand":[],"product_cat":[2589],"product_tag":[2595],"class_list":{"0":"post-11915","1":"product","2":"type-product","3":"status-publish","4":"has-post-thumbnail","6":"product_cat-072hsh","7":"product_tag-072hsh000179","9":"first","10":"instock","11":"taxable","12":"shipping-taxable","13":"product-type-simple"},"_links":{"self":[{"href":"https:\/\/kervanmagazacilik.com\/index.php\/wp-json\/wp\/v2\/product\/11915","targetHints":{"allow":["GET"]}}],"collection":[{"href":"https:\/\/kervanmagazacilik.com\/index.php\/wp-json\/wp\/v2\/product"}],"about":[{"href":"https:\/\/kervanmagazacilik.com\/index.php\/wp-json\/wp\/v2\/types\/product"}],"wp:featuredmedia":[{"embeddable":true,"href":"https:\/\/kervanmagazacilik.com\/index.php\/wp-json\/wp\/v2\/media\/11916"}],"wp:attachment":[{"href":"https:\/\/kervanmagazacilik.com\/index.php\/wp-json\/wp\/v2\/media?parent=11915"}],"wp:term":[{"taxonomy":"product_brand","embeddable":true,"href":"https:\/\/kervanmagazacilik.com\/index.php\/wp-json\/wp\/v2\/product_brand?post=11915"},{"taxonomy":"product_cat","embeddable":true,"href":"https:\/\/kervanmagazacilik.com\/index.php\/wp-json\/wp\/v2\/product_cat?post=11915"},{"taxonomy":"product_tag","embeddable":true,"href":"https:\/\/kervanmagazacilik.com\/index.php\/wp-json\/wp\/v2\/product_tag?post=11915"}],"curies":[{"name":"wp","href":"https:\/\/api.w.org\/{rel}","templated":true}]}}