{"id":11901,"date":"2024-11-03T20:11:35","date_gmt":"2024-11-03T17:11:35","guid":{"rendered":"https:\/\/kervanmagazacilik.com\/?post_type=product&#038;p=11901"},"modified":"2024-11-03T20:11:35","modified_gmt":"2024-11-03T17:11:35","slug":"072hsh000166","status":"publish","type":"product","link":"https:\/\/kervanmagazacilik.com\/index.php\/urun\/072hsh000166\/","title":{"rendered":"072HSH000166"},"content":{"rendered":"<p>072HSH000166<\/p>\n<p>ANCELIN KIRLENT A.MAVI 35x55cm<\/p>\n<div>Kuma\u015f:\u00a0 \u00a0%65 Keten %35 Polyester<\/div>\n<div><\/div>\n<div><\/div>\n<div>Sadece kuru temizleme yap\u0131lmal\u0131d\u0131r<\/div>\n","protected":false},"excerpt":{"rendered":"<p>072HSH000166 ANCELIN KIRLENT A.MAVI 35x55cm Kuma\u015f:\u00a0 \u00a0%65 Keten %35 Polyester Sadece kuru temizleme yap\u0131lmal\u0131d\u0131r<\/p>\n","protected":false},"featured_media":11902,"template":"","meta":[],"product_brand":[],"product_cat":[2589],"product_tag":[2591],"class_list":{"0":"post-11901","1":"product","2":"type-product","3":"status-publish","4":"has-post-thumbnail","6":"product_cat-072hsh","7":"product_tag-072hsh000166","9":"first","10":"instock","11":"taxable","12":"shipping-taxable","13":"product-type-simple"},"_links":{"self":[{"href":"https:\/\/kervanmagazacilik.com\/index.php\/wp-json\/wp\/v2\/product\/11901","targetHints":{"allow":["GET"]}}],"collection":[{"href":"https:\/\/kervanmagazacilik.com\/index.php\/wp-json\/wp\/v2\/product"}],"about":[{"href":"https:\/\/kervanmagazacilik.com\/index.php\/wp-json\/wp\/v2\/types\/product"}],"wp:featuredmedia":[{"embeddable":true,"href":"https:\/\/kervanmagazacilik.com\/index.php\/wp-json\/wp\/v2\/media\/11902"}],"wp:attachment":[{"href":"https:\/\/kervanmagazacilik.com\/index.php\/wp-json\/wp\/v2\/media?parent=11901"}],"wp:term":[{"taxonomy":"product_brand","embeddable":true,"href":"https:\/\/kervanmagazacilik.com\/index.php\/wp-json\/wp\/v2\/product_brand?post=11901"},{"taxonomy":"product_cat","embeddable":true,"href":"https:\/\/kervanmagazacilik.com\/index.php\/wp-json\/wp\/v2\/product_cat?post=11901"},{"taxonomy":"product_tag","embeddable":true,"href":"https:\/\/kervanmagazacilik.com\/index.php\/wp-json\/wp\/v2\/product_tag?post=11901"}],"curies":[{"name":"wp","href":"https:\/\/api.w.org\/{rel}","templated":true}]}}