{"id":11843,"date":"2024-11-03T17:05:59","date_gmt":"2024-11-03T14:05:59","guid":{"rendered":"https:\/\/kervanmagazacilik.com\/?post_type=product&#038;p=11843"},"modified":"2024-11-03T17:06:00","modified_gmt":"2024-11-03T14:06:00","slug":"062hsh000331","status":"publish","type":"product","link":"https:\/\/kervanmagazacilik.com\/index.php\/urun\/062hsh000331\/","title":{"rendered":"062HSH000331"},"content":{"rendered":"<p>062HSH000331<\/p>\n<p>POL\u0130NZA POLAR BATTAN\u0130YE FU\u015eYA 180x200cm<\/p>\n<p>Kuma\u015f: %100 POLYESTER<br \/>\nAksesuar, %100 polyester<br \/>\n30 derece y\u0131kama<br \/>\n\u00c7ama\u015f\u0131r suyu konamaz<br \/>\nKurutma makinesinde kurutulamaz<br \/>\nD\u00fc\u015f\u00fck \u0131s\u0131da \u00fct\u00fclenmelidir<\/p>\n","protected":false},"excerpt":{"rendered":"<p>062HSH000331 POL\u0130NZA POLAR BATTAN\u0130YE FU\u015eYA 180x200cm Kuma\u015f: %100 POLYESTER Aksesuar, %100 polyester 30 derece y\u0131kama \u00c7ama\u015f\u0131r suyu konamaz Kurutma makinesinde kurutulamaz D\u00fc\u015f\u00fck \u0131s\u0131da \u00fct\u00fclenmelidir<\/p>\n","protected":false},"featured_media":11844,"template":"","meta":[],"product_brand":[],"product_cat":[2575],"product_tag":[2578],"class_list":{"0":"post-11843","1":"product","2":"type-product","3":"status-publish","4":"has-post-thumbnail","6":"product_cat-062hsh","7":"product_tag-062hsh000331","9":"first","10":"instock","11":"taxable","12":"shipping-taxable","13":"product-type-simple"},"_links":{"self":[{"href":"https:\/\/kervanmagazacilik.com\/index.php\/wp-json\/wp\/v2\/product\/11843","targetHints":{"allow":["GET"]}}],"collection":[{"href":"https:\/\/kervanmagazacilik.com\/index.php\/wp-json\/wp\/v2\/product"}],"about":[{"href":"https:\/\/kervanmagazacilik.com\/index.php\/wp-json\/wp\/v2\/types\/product"}],"wp:featuredmedia":[{"embeddable":true,"href":"https:\/\/kervanmagazacilik.com\/index.php\/wp-json\/wp\/v2\/media\/11844"}],"wp:attachment":[{"href":"https:\/\/kervanmagazacilik.com\/index.php\/wp-json\/wp\/v2\/media?parent=11843"}],"wp:term":[{"taxonomy":"product_brand","embeddable":true,"href":"https:\/\/kervanmagazacilik.com\/index.php\/wp-json\/wp\/v2\/product_brand?post=11843"},{"taxonomy":"product_cat","embeddable":true,"href":"https:\/\/kervanmagazacilik.com\/index.php\/wp-json\/wp\/v2\/product_cat?post=11843"},{"taxonomy":"product_tag","embeddable":true,"href":"https:\/\/kervanmagazacilik.com\/index.php\/wp-json\/wp\/v2\/product_tag?post=11843"}],"curies":[{"name":"wp","href":"https:\/\/api.w.org\/{rel}","templated":true}]}}