{"id":11793,"date":"2024-11-03T13:06:22","date_gmt":"2024-11-03T10:06:22","guid":{"rendered":"https:\/\/kervanmagazacilik.com\/?post_type=product&#038;p=11793"},"modified":"2024-11-03T13:06:23","modified_gmt":"2024-11-03T10:06:23","slug":"042uck000050","status":"publish","type":"product","link":"https:\/\/kervanmagazacilik.com\/index.php\/urun\/042uck000050\/","title":{"rendered":"042UCK000050"},"content":{"rendered":"<p>042UCK000050<\/p>\n<p>M\u0130RANDA P\u0130KE TAKIMI \u00c7K. 4 PR\u00c7. PUDRA<\/p>\n<p>%100 COTTON<br \/>\n\u0130\u00c7ER\u0130K: 2 ADET YASTIK KILIFI 50X70 CM + 1 ADET \u00c7AR\u015eAF 240X260 CM + 1 ADET P\u0130KE 220X240 CM 30 derece narin y\u0131kama<br \/>\n\u00c7ama\u015f\u0131r suyu konamaz<br \/>\nKurutma makinesinde kurutulamaz<br \/>\nD\u00fc\u015f\u00fck \u0131s\u0131da \u00fct\u00fclenmelidir<\/p>\n<p>ALT GRUP: YATAK ODASI TEKST\u0130L\u0130<\/p>\n","protected":false},"excerpt":{"rendered":"<p>042UCK000050 M\u0130RANDA P\u0130KE TAKIMI \u00c7K. 4 PR\u00c7. PUDRA %100 COTTON \u0130\u00c7ER\u0130K: 2 ADET YASTIK KILIFI 50X70 CM + 1 ADET \u00c7AR\u015eAF 240X260 CM + 1 ADET P\u0130KE 220X240 CM 30 derece narin y\u0131kama \u00c7ama\u015f\u0131r suyu konamaz Kurutma makinesinde kurutulamaz D\u00fc\u015f\u00fck \u0131s\u0131da \u00fct\u00fclenmelidir ALT GRUP: YATAK ODASI TEKST\u0130L\u0130<\/p>\n","protected":false},"featured_media":11794,"template":"","meta":[],"product_brand":[],"product_cat":[2528],"product_tag":[2567],"class_list":{"0":"post-11793","1":"product","2":"type-product","3":"status-publish","4":"has-post-thumbnail","6":"product_cat-042uck","7":"product_tag-042uck000050","9":"first","10":"instock","11":"taxable","12":"shipping-taxable","13":"product-type-simple"},"_links":{"self":[{"href":"https:\/\/kervanmagazacilik.com\/index.php\/wp-json\/wp\/v2\/product\/11793","targetHints":{"allow":["GET"]}}],"collection":[{"href":"https:\/\/kervanmagazacilik.com\/index.php\/wp-json\/wp\/v2\/product"}],"about":[{"href":"https:\/\/kervanmagazacilik.com\/index.php\/wp-json\/wp\/v2\/types\/product"}],"wp:featuredmedia":[{"embeddable":true,"href":"https:\/\/kervanmagazacilik.com\/index.php\/wp-json\/wp\/v2\/media\/11794"}],"wp:attachment":[{"href":"https:\/\/kervanmagazacilik.com\/index.php\/wp-json\/wp\/v2\/media?parent=11793"}],"wp:term":[{"taxonomy":"product_brand","embeddable":true,"href":"https:\/\/kervanmagazacilik.com\/index.php\/wp-json\/wp\/v2\/product_brand?post=11793"},{"taxonomy":"product_cat","embeddable":true,"href":"https:\/\/kervanmagazacilik.com\/index.php\/wp-json\/wp\/v2\/product_cat?post=11793"},{"taxonomy":"product_tag","embeddable":true,"href":"https:\/\/kervanmagazacilik.com\/index.php\/wp-json\/wp\/v2\/product_tag?post=11793"}],"curies":[{"name":"wp","href":"https:\/\/api.w.org\/{rel}","templated":true}]}}