{"id":11746,"date":"2024-11-03T11:49:36","date_gmt":"2024-11-03T08:49:36","guid":{"rendered":"https:\/\/kervanmagazacilik.com\/?post_type=product&#038;p=11746"},"modified":"2024-11-03T11:49:36","modified_gmt":"2024-11-03T08:49:36","slug":"042uck000045","status":"publish","type":"product","link":"https:\/\/kervanmagazacilik.com\/index.php\/urun\/042uck000045\/","title":{"rendered":"042UCK000045"},"content":{"rendered":"<p>042UCK000045<\/p>\n<p>VICTORASS P\u0130KE TAKIMI YE\u015e\u0130L \u00c7K. 220x240cm 4 PRC<\/p>\n<p>Kuma\u015f; %100 Pamuk<br \/>\n30 derece narin y\u0131kama<br \/>\n\u00c7ama\u015f\u0131r suyu konamaz<br \/>\nKurutma makinesinde kurutulamaz<br \/>\nD\u00fc\u015f\u00fck \u0131s\u0131da \u00fct\u00fclenmelidir<\/p>\n<p>1 AD P\u0130KE 220&#215;240 CM<br \/>\n1 AD \u00c7AR\u015eAF : 240x260CM<br \/>\n2 AD OXFORD YASTIK 50X70 CM<\/p>\n","protected":false},"excerpt":{"rendered":"<p>042UCK000045 VICTORASS P\u0130KE TAKIMI YE\u015e\u0130L \u00c7K. 220x240cm 4 PRC Kuma\u015f; %100 Pamuk 30 derece narin y\u0131kama \u00c7ama\u015f\u0131r suyu konamaz Kurutma makinesinde kurutulamaz D\u00fc\u015f\u00fck \u0131s\u0131da \u00fct\u00fclenmelidir 1 AD P\u0130KE 220&#215;240 CM 1 AD \u00c7AR\u015eAF : 240x260CM 2 AD OXFORD YASTIK 50X70 CM<\/p>\n","protected":false},"featured_media":11747,"template":"","meta":[],"product_brand":[],"product_cat":[2528],"product_tag":[2554],"class_list":{"0":"post-11746","1":"product","2":"type-product","3":"status-publish","4":"has-post-thumbnail","6":"product_cat-042uck","7":"product_tag-042uck000045","9":"first","10":"instock","11":"taxable","12":"shipping-taxable","13":"product-type-simple"},"_links":{"self":[{"href":"https:\/\/kervanmagazacilik.com\/index.php\/wp-json\/wp\/v2\/product\/11746","targetHints":{"allow":["GET"]}}],"collection":[{"href":"https:\/\/kervanmagazacilik.com\/index.php\/wp-json\/wp\/v2\/product"}],"about":[{"href":"https:\/\/kervanmagazacilik.com\/index.php\/wp-json\/wp\/v2\/types\/product"}],"wp:featuredmedia":[{"embeddable":true,"href":"https:\/\/kervanmagazacilik.com\/index.php\/wp-json\/wp\/v2\/media\/11747"}],"wp:attachment":[{"href":"https:\/\/kervanmagazacilik.com\/index.php\/wp-json\/wp\/v2\/media?parent=11746"}],"wp:term":[{"taxonomy":"product_brand","embeddable":true,"href":"https:\/\/kervanmagazacilik.com\/index.php\/wp-json\/wp\/v2\/product_brand?post=11746"},{"taxonomy":"product_cat","embeddable":true,"href":"https:\/\/kervanmagazacilik.com\/index.php\/wp-json\/wp\/v2\/product_cat?post=11746"},{"taxonomy":"product_tag","embeddable":true,"href":"https:\/\/kervanmagazacilik.com\/index.php\/wp-json\/wp\/v2\/product_tag?post=11746"}],"curies":[{"name":"wp","href":"https:\/\/api.w.org\/{rel}","templated":true}]}}