{"id":11739,"date":"2024-11-03T11:46:21","date_gmt":"2024-11-03T08:46:21","guid":{"rendered":"https:\/\/kervanmagazacilik.com\/?post_type=product&#038;p=11739"},"modified":"2024-11-03T11:46:22","modified_gmt":"2024-11-03T08:46:22","slug":"042uck000044","status":"publish","type":"product","link":"https:\/\/kervanmagazacilik.com\/index.php\/urun\/042uck000044\/","title":{"rendered":"042UCK000044"},"content":{"rendered":"<p>042UCK000044<\/p>\n<p>UNIQ P\u0130KE SET\u0130 KREM-YE\u015e\u0130L \u00c7.K 220x240cm 4 PRC<\/p>\n<p>1 AD P\u0130KE 220X240 CM + 1 AD \u00c7AR\u015eAF 240X260 CM + 2 AD YASTIK KILIFI 50X70 CM<\/p>\n","protected":false},"excerpt":{"rendered":"<p>042UCK000044 UNIQ P\u0130KE SET\u0130 KREM-YE\u015e\u0130L \u00c7.K 220x240cm 4 PRC 1 AD P\u0130KE 220X240 CM + 1 AD \u00c7AR\u015eAF 240X260 CM + 2 AD YASTIK KILIFI 50X70 CM<\/p>\n","protected":false},"featured_media":11740,"template":"","meta":[],"product_brand":[],"product_cat":[2528],"product_tag":[2553],"class_list":{"0":"post-11739","1":"product","2":"type-product","3":"status-publish","4":"has-post-thumbnail","6":"product_cat-042uck","7":"product_tag-042uck000044","9":"first","10":"instock","11":"taxable","12":"shipping-taxable","13":"product-type-simple"},"_links":{"self":[{"href":"https:\/\/kervanmagazacilik.com\/index.php\/wp-json\/wp\/v2\/product\/11739","targetHints":{"allow":["GET"]}}],"collection":[{"href":"https:\/\/kervanmagazacilik.com\/index.php\/wp-json\/wp\/v2\/product"}],"about":[{"href":"https:\/\/kervanmagazacilik.com\/index.php\/wp-json\/wp\/v2\/types\/product"}],"wp:featuredmedia":[{"embeddable":true,"href":"https:\/\/kervanmagazacilik.com\/index.php\/wp-json\/wp\/v2\/media\/11740"}],"wp:attachment":[{"href":"https:\/\/kervanmagazacilik.com\/index.php\/wp-json\/wp\/v2\/media?parent=11739"}],"wp:term":[{"taxonomy":"product_brand","embeddable":true,"href":"https:\/\/kervanmagazacilik.com\/index.php\/wp-json\/wp\/v2\/product_brand?post=11739"},{"taxonomy":"product_cat","embeddable":true,"href":"https:\/\/kervanmagazacilik.com\/index.php\/wp-json\/wp\/v2\/product_cat?post=11739"},{"taxonomy":"product_tag","embeddable":true,"href":"https:\/\/kervanmagazacilik.com\/index.php\/wp-json\/wp\/v2\/product_tag?post=11739"}],"curies":[{"name":"wp","href":"https:\/\/api.w.org\/{rel}","templated":true}]}}