{"id":11724,"date":"2024-11-03T11:38:30","date_gmt":"2024-11-03T08:38:30","guid":{"rendered":"https:\/\/kervanmagazacilik.com\/?post_type=product&#038;p=11724"},"modified":"2024-11-03T11:38:31","modified_gmt":"2024-11-03T08:38:31","slug":"042uck000042","status":"publish","type":"product","link":"https:\/\/kervanmagazacilik.com\/index.php\/urun\/042uck000042\/","title":{"rendered":"042UCK000042"},"content":{"rendered":"<p>042UCK000042<\/p>\n<p>UNIQ PIKE SETI 220X240 CK 4.PRC YESIL<\/p>\n<p>1 AD P\u0130KE 220X240 CM + 1 AD \u00c7AR\u015eAF 240X260 CM + 2 AD YASTIK KILIFI 50X70 CM<\/p>\n","protected":false},"excerpt":{"rendered":"<p>042UCK000042 UNIQ PIKE SETI 220X240 CK 4.PRC YESIL 1 AD P\u0130KE 220X240 CM + 1 AD \u00c7AR\u015eAF 240X260 CM + 2 AD YASTIK KILIFI 50X70 CM<\/p>\n","protected":false},"featured_media":11727,"template":"","meta":[],"product_brand":[],"product_cat":[2528],"product_tag":[2551],"class_list":{"0":"post-11724","1":"product","2":"type-product","3":"status-publish","4":"has-post-thumbnail","6":"product_cat-042uck","7":"product_tag-042uck000042","9":"first","10":"instock","11":"taxable","12":"shipping-taxable","13":"product-type-simple"},"_links":{"self":[{"href":"https:\/\/kervanmagazacilik.com\/index.php\/wp-json\/wp\/v2\/product\/11724","targetHints":{"allow":["GET"]}}],"collection":[{"href":"https:\/\/kervanmagazacilik.com\/index.php\/wp-json\/wp\/v2\/product"}],"about":[{"href":"https:\/\/kervanmagazacilik.com\/index.php\/wp-json\/wp\/v2\/types\/product"}],"wp:featuredmedia":[{"embeddable":true,"href":"https:\/\/kervanmagazacilik.com\/index.php\/wp-json\/wp\/v2\/media\/11727"}],"wp:attachment":[{"href":"https:\/\/kervanmagazacilik.com\/index.php\/wp-json\/wp\/v2\/media?parent=11724"}],"wp:term":[{"taxonomy":"product_brand","embeddable":true,"href":"https:\/\/kervanmagazacilik.com\/index.php\/wp-json\/wp\/v2\/product_brand?post=11724"},{"taxonomy":"product_cat","embeddable":true,"href":"https:\/\/kervanmagazacilik.com\/index.php\/wp-json\/wp\/v2\/product_cat?post=11724"},{"taxonomy":"product_tag","embeddable":true,"href":"https:\/\/kervanmagazacilik.com\/index.php\/wp-json\/wp\/v2\/product_tag?post=11724"}],"curies":[{"name":"wp","href":"https:\/\/api.w.org\/{rel}","templated":true}]}}