{"id":11716,"date":"2024-11-03T11:33:45","date_gmt":"2024-11-03T08:33:45","guid":{"rendered":"https:\/\/kervanmagazacilik.com\/?post_type=product&#038;p=11716"},"modified":"2024-11-03T11:33:45","modified_gmt":"2024-11-03T08:33:45","slug":"042uck000041","status":"publish","type":"product","link":"https:\/\/kervanmagazacilik.com\/index.php\/urun\/042uck000041\/","title":{"rendered":"042UCK000041"},"content":{"rendered":"<p>042UCK000041<\/p>\n<p>TIMLES PIKELI NEVRESIM SETI CIFT KISILIK 7.PRC GRI<\/p>\n<p>1 AD NEVRES\u0130M 200X220 CM + 1 AD P\u0130KE 220X240 CM + 1 AD \u00c7AR\u015eAF 240X260 CM + 2 AD UYKU YASTIK 50X70 CM +2 AD OXFORD YASTIK 50X70CM<\/p>\n","protected":false},"excerpt":{"rendered":"<p>042UCK000041 TIMLES PIKELI NEVRESIM SETI CIFT KISILIK 7.PRC GRI 1 AD NEVRES\u0130M 200X220 CM + 1 AD P\u0130KE 220X240 CM + 1 AD \u00c7AR\u015eAF 240X260 CM + 2 AD UYKU YASTIK 50X70 CM +2 AD OXFORD YASTIK 50X70CM<\/p>\n","protected":false},"featured_media":11717,"template":"","meta":[],"product_brand":[],"product_cat":[2528],"product_tag":[2550],"class_list":{"0":"post-11716","1":"product","2":"type-product","3":"status-publish","4":"has-post-thumbnail","6":"product_cat-042uck","7":"product_tag-042uck000041","9":"first","10":"instock","11":"taxable","12":"shipping-taxable","13":"product-type-simple"},"_links":{"self":[{"href":"https:\/\/kervanmagazacilik.com\/index.php\/wp-json\/wp\/v2\/product\/11716","targetHints":{"allow":["GET"]}}],"collection":[{"href":"https:\/\/kervanmagazacilik.com\/index.php\/wp-json\/wp\/v2\/product"}],"about":[{"href":"https:\/\/kervanmagazacilik.com\/index.php\/wp-json\/wp\/v2\/types\/product"}],"wp:featuredmedia":[{"embeddable":true,"href":"https:\/\/kervanmagazacilik.com\/index.php\/wp-json\/wp\/v2\/media\/11717"}],"wp:attachment":[{"href":"https:\/\/kervanmagazacilik.com\/index.php\/wp-json\/wp\/v2\/media?parent=11716"}],"wp:term":[{"taxonomy":"product_brand","embeddable":true,"href":"https:\/\/kervanmagazacilik.com\/index.php\/wp-json\/wp\/v2\/product_brand?post=11716"},{"taxonomy":"product_cat","embeddable":true,"href":"https:\/\/kervanmagazacilik.com\/index.php\/wp-json\/wp\/v2\/product_cat?post=11716"},{"taxonomy":"product_tag","embeddable":true,"href":"https:\/\/kervanmagazacilik.com\/index.php\/wp-json\/wp\/v2\/product_tag?post=11716"}],"curies":[{"name":"wp","href":"https:\/\/api.w.org\/{rel}","templated":true}]}}