{"id":11644,"date":"2024-11-03T10:45:48","date_gmt":"2024-11-03T07:45:48","guid":{"rendered":"https:\/\/kervanmagazacilik.com\/?post_type=product&#038;p=11644"},"modified":"2024-11-03T10:45:48","modified_gmt":"2024-11-03T07:45:48","slug":"042uck000024","status":"publish","type":"product","link":"https:\/\/kervanmagazacilik.com\/index.php\/urun\/042uck000024\/","title":{"rendered":"042UCK000024"},"content":{"rendered":"<p>042UCK000024<\/p>\n<p>REMY 220X240 PONPONLU PIKE MAVI<\/p>\n<p>%100 COTTON 30 derece narin y\u0131kama yap\u0131lmal\u0131d\u0131r. \u00c7ama\u015f\u0131r suyu konamaz. Kurutma makinesinde kurutulamaz. D\u00fc\u015f\u00fck \u0131s\u0131da \u00fct\u00fclenmelidir.<\/p>\n","protected":false},"excerpt":{"rendered":"<p>042UCK000024 REMY 220X240 PONPONLU PIKE MAVI %100 COTTON 30 derece narin y\u0131kama yap\u0131lmal\u0131d\u0131r. \u00c7ama\u015f\u0131r suyu konamaz. Kurutma makinesinde kurutulamaz. D\u00fc\u015f\u00fck \u0131s\u0131da \u00fct\u00fclenmelidir.<\/p>\n","protected":false},"featured_media":11645,"template":"","meta":[],"product_brand":[],"product_cat":[2528],"product_tag":[2536],"class_list":{"0":"post-11644","1":"product","2":"type-product","3":"status-publish","4":"has-post-thumbnail","6":"product_cat-042uck","7":"product_tag-042uck000024","9":"first","10":"instock","11":"taxable","12":"shipping-taxable","13":"product-type-simple"},"_links":{"self":[{"href":"https:\/\/kervanmagazacilik.com\/index.php\/wp-json\/wp\/v2\/product\/11644","targetHints":{"allow":["GET"]}}],"collection":[{"href":"https:\/\/kervanmagazacilik.com\/index.php\/wp-json\/wp\/v2\/product"}],"about":[{"href":"https:\/\/kervanmagazacilik.com\/index.php\/wp-json\/wp\/v2\/types\/product"}],"wp:featuredmedia":[{"embeddable":true,"href":"https:\/\/kervanmagazacilik.com\/index.php\/wp-json\/wp\/v2\/media\/11645"}],"wp:attachment":[{"href":"https:\/\/kervanmagazacilik.com\/index.php\/wp-json\/wp\/v2\/media?parent=11644"}],"wp:term":[{"taxonomy":"product_brand","embeddable":true,"href":"https:\/\/kervanmagazacilik.com\/index.php\/wp-json\/wp\/v2\/product_brand?post=11644"},{"taxonomy":"product_cat","embeddable":true,"href":"https:\/\/kervanmagazacilik.com\/index.php\/wp-json\/wp\/v2\/product_cat?post=11644"},{"taxonomy":"product_tag","embeddable":true,"href":"https:\/\/kervanmagazacilik.com\/index.php\/wp-json\/wp\/v2\/product_tag?post=11644"}],"curies":[{"name":"wp","href":"https:\/\/api.w.org\/{rel}","templated":true}]}}