{"id":11605,"date":"2024-11-03T09:59:20","date_gmt":"2024-11-03T06:59:20","guid":{"rendered":"https:\/\/kervanmagazacilik.com\/?post_type=product&#038;p=11605"},"modified":"2024-11-03T09:59:20","modified_gmt":"2024-11-03T06:59:20","slug":"042uck000016","status":"publish","type":"product","link":"https:\/\/kervanmagazacilik.com\/index.php\/urun\/042uck000016\/","title":{"rendered":"042UCK000016"},"content":{"rendered":"<p>042UCK000016<\/p>\n<p>SUNDIA 200X220 CM PIKELI NEVRESIM TAKIMI 7 PRC.<\/p>\n<p>POPL\u0130N KUMA\u015e ANA MALZEME: %100 COTTON NOT: \u00dcR\u00dcN RANFORCE&#8217;D\u0130R NEVRES\u0130M:200X220 CM \u00c7AR\u015eAF:240X260 CM YASTIK KILIFI: 50X70 CM (2 ADET) OXFORD YASTIK KILIFI: 50X70 CM P\u0130KE: 220X240 CM 30 derece narin y\u0131kama yap\u0131lmal\u0131d\u0131r. \u00c7ama\u015f\u0131r suyu konamaz. Kurutma makinesinde kurutulamaz. D\u00fc\u015f\u00fck \u0131s\u0131da \u00fct\u00fclenmelidir<\/p>\n","protected":false},"excerpt":{"rendered":"<p>042UCK000016 SUNDIA 200X220 CM PIKELI NEVRESIM TAKIMI 7 PRC. POPL\u0130N KUMA\u015e ANA MALZEME: %100 COTTON NOT: \u00dcR\u00dcN RANFORCE&#8217;D\u0130R NEVRES\u0130M:200X220 CM \u00c7AR\u015eAF:240X260 CM YASTIK KILIFI: 50X70 CM (2 ADET) OXFORD YASTIK KILIFI: 50X70 CM P\u0130KE: 220X240 CM 30 derece narin y\u0131kama yap\u0131lmal\u0131d\u0131r. \u00c7ama\u015f\u0131r suyu konamaz. Kurutma makinesinde kurutulamaz. D\u00fc\u015f\u00fck \u0131s\u0131da \u00fct\u00fclenmelidir<\/p>\n","protected":false},"featured_media":11606,"template":"","meta":[],"product_brand":[],"product_cat":[2528],"product_tag":[2529],"class_list":{"0":"post-11605","1":"product","2":"type-product","3":"status-publish","4":"has-post-thumbnail","6":"product_cat-042uck","7":"product_tag-042uck000016","9":"first","10":"instock","11":"taxable","12":"shipping-taxable","13":"product-type-simple"},"_links":{"self":[{"href":"https:\/\/kervanmagazacilik.com\/index.php\/wp-json\/wp\/v2\/product\/11605","targetHints":{"allow":["GET"]}}],"collection":[{"href":"https:\/\/kervanmagazacilik.com\/index.php\/wp-json\/wp\/v2\/product"}],"about":[{"href":"https:\/\/kervanmagazacilik.com\/index.php\/wp-json\/wp\/v2\/types\/product"}],"wp:featuredmedia":[{"embeddable":true,"href":"https:\/\/kervanmagazacilik.com\/index.php\/wp-json\/wp\/v2\/media\/11606"}],"wp:attachment":[{"href":"https:\/\/kervanmagazacilik.com\/index.php\/wp-json\/wp\/v2\/media?parent=11605"}],"wp:term":[{"taxonomy":"product_brand","embeddable":true,"href":"https:\/\/kervanmagazacilik.com\/index.php\/wp-json\/wp\/v2\/product_brand?post=11605"},{"taxonomy":"product_cat","embeddable":true,"href":"https:\/\/kervanmagazacilik.com\/index.php\/wp-json\/wp\/v2\/product_cat?post=11605"},{"taxonomy":"product_tag","embeddable":true,"href":"https:\/\/kervanmagazacilik.com\/index.php\/wp-json\/wp\/v2\/product_tag?post=11605"}],"curies":[{"name":"wp","href":"https:\/\/api.w.org\/{rel}","templated":true}]}}