{"id":11584,"date":"2024-11-03T02:28:52","date_gmt":"2024-11-02T23:28:52","guid":{"rendered":"https:\/\/kervanmagazacilik.com\/?post_type=product&#038;p=11584"},"modified":"2024-11-03T02:28:52","modified_gmt":"2024-11-02T23:28:52","slug":"720den000066","status":"publish","type":"product","link":"https:\/\/kervanmagazacilik.com\/index.php\/urun\/720den000066\/","title":{"rendered":"720DEN000066"},"content":{"rendered":"<p>720DEN000066<\/p>\n<p>MASA LAMBASI 40cm<\/p>\n<p>Kuru bez ile toz al\u0131nmal\u0131d\u0131r.<\/p>\n","protected":false},"excerpt":{"rendered":"<p>720DEN000066 MASA LAMBASI 40cm Kuru bez ile toz al\u0131nmal\u0131d\u0131r.<\/p>\n","protected":false},"featured_media":11589,"template":"","meta":[],"product_brand":[],"product_cat":[178],"product_tag":[2524],"class_list":{"0":"post-11584","1":"product","2":"type-product","3":"status-publish","4":"has-post-thumbnail","6":"product_cat-720den","7":"product_tag-720den000066","9":"first","10":"instock","11":"taxable","12":"shipping-taxable","13":"product-type-simple"},"_links":{"self":[{"href":"https:\/\/kervanmagazacilik.com\/index.php\/wp-json\/wp\/v2\/product\/11584","targetHints":{"allow":["GET"]}}],"collection":[{"href":"https:\/\/kervanmagazacilik.com\/index.php\/wp-json\/wp\/v2\/product"}],"about":[{"href":"https:\/\/kervanmagazacilik.com\/index.php\/wp-json\/wp\/v2\/types\/product"}],"wp:featuredmedia":[{"embeddable":true,"href":"https:\/\/kervanmagazacilik.com\/index.php\/wp-json\/wp\/v2\/media\/11589"}],"wp:attachment":[{"href":"https:\/\/kervanmagazacilik.com\/index.php\/wp-json\/wp\/v2\/media?parent=11584"}],"wp:term":[{"taxonomy":"product_brand","embeddable":true,"href":"https:\/\/kervanmagazacilik.com\/index.php\/wp-json\/wp\/v2\/product_brand?post=11584"},{"taxonomy":"product_cat","embeddable":true,"href":"https:\/\/kervanmagazacilik.com\/index.php\/wp-json\/wp\/v2\/product_cat?post=11584"},{"taxonomy":"product_tag","embeddable":true,"href":"https:\/\/kervanmagazacilik.com\/index.php\/wp-json\/wp\/v2\/product_tag?post=11584"}],"curies":[{"name":"wp","href":"https:\/\/api.w.org\/{rel}","templated":true}]}}