{"id":11573,"date":"2024-11-03T02:21:34","date_gmt":"2024-11-02T23:21:34","guid":{"rendered":"https:\/\/kervanmagazacilik.com\/?post_type=product&#038;p=11573"},"modified":"2024-11-03T02:21:35","modified_gmt":"2024-11-02T23:21:35","slug":"720den000062","status":"publish","type":"product","link":"https:\/\/kervanmagazacilik.com\/index.php\/urun\/720den000062\/","title":{"rendered":"720DEN000062"},"content":{"rendered":"<p>720DEN000062<\/p>\n<p>KRVN-051 ALTIN VARAKLI YAPRAK MASA LAMBASI GOVDE:30cm X 12cm x 47cm\/SAPKA:42cm x 22cm x 24cm<\/p>\n<p>Kuru bez ile toz al\u0131nmal\u0131d\u0131r.<\/p>\n","protected":false},"excerpt":{"rendered":"<p>720DEN000062 KRVN-051 ALTIN VARAKLI YAPRAK MASA LAMBASI GOVDE:30cm X 12cm x 47cm\/SAPKA:42cm x 22cm x 24cm Kuru bez ile toz al\u0131nmal\u0131d\u0131r.<\/p>\n","protected":false},"featured_media":11574,"template":"","meta":[],"product_brand":[],"product_cat":[178],"product_tag":[2520],"class_list":{"0":"post-11573","1":"product","2":"type-product","3":"status-publish","4":"has-post-thumbnail","6":"product_cat-720den","7":"product_tag-720den000062","9":"first","10":"instock","11":"taxable","12":"shipping-taxable","13":"product-type-simple"},"_links":{"self":[{"href":"https:\/\/kervanmagazacilik.com\/index.php\/wp-json\/wp\/v2\/product\/11573","targetHints":{"allow":["GET"]}}],"collection":[{"href":"https:\/\/kervanmagazacilik.com\/index.php\/wp-json\/wp\/v2\/product"}],"about":[{"href":"https:\/\/kervanmagazacilik.com\/index.php\/wp-json\/wp\/v2\/types\/product"}],"wp:featuredmedia":[{"embeddable":true,"href":"https:\/\/kervanmagazacilik.com\/index.php\/wp-json\/wp\/v2\/media\/11574"}],"wp:attachment":[{"href":"https:\/\/kervanmagazacilik.com\/index.php\/wp-json\/wp\/v2\/media?parent=11573"}],"wp:term":[{"taxonomy":"product_brand","embeddable":true,"href":"https:\/\/kervanmagazacilik.com\/index.php\/wp-json\/wp\/v2\/product_brand?post=11573"},{"taxonomy":"product_cat","embeddable":true,"href":"https:\/\/kervanmagazacilik.com\/index.php\/wp-json\/wp\/v2\/product_cat?post=11573"},{"taxonomy":"product_tag","embeddable":true,"href":"https:\/\/kervanmagazacilik.com\/index.php\/wp-json\/wp\/v2\/product_tag?post=11573"}],"curies":[{"name":"wp","href":"https:\/\/api.w.org\/{rel}","templated":true}]}}