{"id":11523,"date":"2024-11-03T01:57:46","date_gmt":"2024-11-02T22:57:46","guid":{"rendered":"https:\/\/kervanmagazacilik.com\/?post_type=product&#038;p=11523"},"modified":"2024-11-03T01:57:47","modified_gmt":"2024-11-02T22:57:47","slug":"720den000030","status":"publish","type":"product","link":"https:\/\/kervanmagazacilik.com\/index.php\/urun\/720den000030\/","title":{"rendered":"720DEN000030"},"content":{"rendered":"<p>720DEN000030<\/p>\n<p>KRVN-030 KAFES KUCUK SARKIT AVIZE 40x70cm<\/p>\n<p>Kuru bez ile toz al\u0131nmal\u0131d\u0131r.<\/p>\n","protected":false},"excerpt":{"rendered":"<p>720DEN000030 KRVN-030 KAFES KUCUK SARKIT AVIZE 40x70cm Kuru bez ile toz al\u0131nmal\u0131d\u0131r.<\/p>\n","protected":false},"featured_media":11525,"template":"","meta":[],"product_brand":[],"product_cat":[178],"product_tag":[2508],"class_list":{"0":"post-11523","1":"product","2":"type-product","3":"status-publish","4":"has-post-thumbnail","6":"product_cat-720den","7":"product_tag-720den000030","9":"first","10":"instock","11":"taxable","12":"shipping-taxable","13":"product-type-simple"},"_links":{"self":[{"href":"https:\/\/kervanmagazacilik.com\/index.php\/wp-json\/wp\/v2\/product\/11523","targetHints":{"allow":["GET"]}}],"collection":[{"href":"https:\/\/kervanmagazacilik.com\/index.php\/wp-json\/wp\/v2\/product"}],"about":[{"href":"https:\/\/kervanmagazacilik.com\/index.php\/wp-json\/wp\/v2\/types\/product"}],"wp:featuredmedia":[{"embeddable":true,"href":"https:\/\/kervanmagazacilik.com\/index.php\/wp-json\/wp\/v2\/media\/11525"}],"wp:attachment":[{"href":"https:\/\/kervanmagazacilik.com\/index.php\/wp-json\/wp\/v2\/media?parent=11523"}],"wp:term":[{"taxonomy":"product_brand","embeddable":true,"href":"https:\/\/kervanmagazacilik.com\/index.php\/wp-json\/wp\/v2\/product_brand?post=11523"},{"taxonomy":"product_cat","embeddable":true,"href":"https:\/\/kervanmagazacilik.com\/index.php\/wp-json\/wp\/v2\/product_cat?post=11523"},{"taxonomy":"product_tag","embeddable":true,"href":"https:\/\/kervanmagazacilik.com\/index.php\/wp-json\/wp\/v2\/product_tag?post=11523"}],"curies":[{"name":"wp","href":"https:\/\/api.w.org\/{rel}","templated":true}]}}