{"id":11516,"date":"2024-11-03T01:56:21","date_gmt":"2024-11-02T22:56:21","guid":{"rendered":"https:\/\/kervanmagazacilik.com\/?post_type=product&#038;p=11516"},"modified":"2024-11-03T01:56:21","modified_gmt":"2024-11-02T22:56:21","slug":"042hsh000355","status":"publish","type":"product","link":"https:\/\/kervanmagazacilik.com\/index.php\/urun\/042hsh000355\/","title":{"rendered":"042HSH000355"},"content":{"rendered":"<p>042HSH000355<\/p>\n<p>CORTINS COK AMACLI ORTU 90X240 HARDAL<\/p>\n<p>Kuma\u015f, %100 Akrilik<br \/>\n30 derece narin y\u0131kama<br \/>\n\u00c7ama\u015f\u0131r suyu konamaz<br \/>\nKurutma makinesinde kurutulamaz<br \/>\n\u00dcT\u00dcLEME YAPILAMAZ<\/p>\n","protected":false},"excerpt":{"rendered":"<p>042HSH000355 CORTINS COK AMACLI ORTU 90X240 HARDAL Kuma\u015f, %100 Akrilik 30 derece narin y\u0131kama \u00c7ama\u015f\u0131r suyu konamaz Kurutma makinesinde kurutulamaz \u00dcT\u00dcLEME YAPILAMAZ<\/p>\n","protected":false},"featured_media":11522,"template":"","meta":[],"product_brand":[],"product_cat":[2493],"product_tag":[2507],"class_list":{"0":"post-11516","1":"product","2":"type-product","3":"status-publish","4":"has-post-thumbnail","6":"product_cat-042hsh","7":"product_tag-042hsh000355","9":"first","10":"instock","11":"taxable","12":"shipping-taxable","13":"product-type-simple"},"_links":{"self":[{"href":"https:\/\/kervanmagazacilik.com\/index.php\/wp-json\/wp\/v2\/product\/11516","targetHints":{"allow":["GET"]}}],"collection":[{"href":"https:\/\/kervanmagazacilik.com\/index.php\/wp-json\/wp\/v2\/product"}],"about":[{"href":"https:\/\/kervanmagazacilik.com\/index.php\/wp-json\/wp\/v2\/types\/product"}],"wp:featuredmedia":[{"embeddable":true,"href":"https:\/\/kervanmagazacilik.com\/index.php\/wp-json\/wp\/v2\/media\/11522"}],"wp:attachment":[{"href":"https:\/\/kervanmagazacilik.com\/index.php\/wp-json\/wp\/v2\/media?parent=11516"}],"wp:term":[{"taxonomy":"product_brand","embeddable":true,"href":"https:\/\/kervanmagazacilik.com\/index.php\/wp-json\/wp\/v2\/product_brand?post=11516"},{"taxonomy":"product_cat","embeddable":true,"href":"https:\/\/kervanmagazacilik.com\/index.php\/wp-json\/wp\/v2\/product_cat?post=11516"},{"taxonomy":"product_tag","embeddable":true,"href":"https:\/\/kervanmagazacilik.com\/index.php\/wp-json\/wp\/v2\/product_tag?post=11516"}],"curies":[{"name":"wp","href":"https:\/\/api.w.org\/{rel}","templated":true}]}}