{"id":11496,"date":"2024-11-03T01:49:32","date_gmt":"2024-11-02T22:49:32","guid":{"rendered":"https:\/\/kervanmagazacilik.com\/?post_type=product&#038;p=11496"},"modified":"2024-11-03T01:49:33","modified_gmt":"2024-11-02T22:49:33","slug":"042hsh000346","status":"publish","type":"product","link":"https:\/\/kervanmagazacilik.com\/index.php\/urun\/042hsh000346\/","title":{"rendered":"042HSH000346"},"content":{"rendered":"<p>042HSH000346<\/p>\n<p>LAMINS PIKE TAKIMI VIZON CK.240x260cm 3 PRC<\/p>\n<p>A Kuma\u015f; %60 viskon, %40 pamuk<br \/>\nAksesuar; %100 Polyester<br \/>\n30 derece narin y\u0131kama<br \/>\n\u00c7ama\u015f\u0131r suyu konamaz<br \/>\nKurutma makinesinde kurutulamaz<br \/>\nD\u00fc\u015f\u00fck \u0131s\u0131da \u00fct\u00fclenmelidir<\/p>\n<p>P\u0130KE: 240X260 cm<br \/>\nYASTIK: 50X70 cm (2 ADET)<\/p>\n","protected":false},"excerpt":{"rendered":"<p>042HSH000346 LAMINS PIKE TAKIMI VIZON CK.240x260cm 3 PRC A Kuma\u015f; %60 viskon, %40 pamuk Aksesuar; %100 Polyester 30 derece narin y\u0131kama \u00c7ama\u015f\u0131r suyu konamaz Kurutma makinesinde kurutulamaz D\u00fc\u015f\u00fck \u0131s\u0131da \u00fct\u00fclenmelidir P\u0130KE: 240X260 cm YASTIK: 50X70 cm (2 ADET)<\/p>\n","protected":false},"featured_media":11503,"template":"","meta":[],"product_brand":[],"product_cat":[2493],"product_tag":[2503],"class_list":{"0":"post-11496","1":"product","2":"type-product","3":"status-publish","4":"has-post-thumbnail","6":"product_cat-042hsh","7":"product_tag-042hsh000346","9":"first","10":"instock","11":"taxable","12":"shipping-taxable","13":"product-type-simple"},"_links":{"self":[{"href":"https:\/\/kervanmagazacilik.com\/index.php\/wp-json\/wp\/v2\/product\/11496","targetHints":{"allow":["GET"]}}],"collection":[{"href":"https:\/\/kervanmagazacilik.com\/index.php\/wp-json\/wp\/v2\/product"}],"about":[{"href":"https:\/\/kervanmagazacilik.com\/index.php\/wp-json\/wp\/v2\/types\/product"}],"wp:featuredmedia":[{"embeddable":true,"href":"https:\/\/kervanmagazacilik.com\/index.php\/wp-json\/wp\/v2\/media\/11503"}],"wp:attachment":[{"href":"https:\/\/kervanmagazacilik.com\/index.php\/wp-json\/wp\/v2\/media?parent=11496"}],"wp:term":[{"taxonomy":"product_brand","embeddable":true,"href":"https:\/\/kervanmagazacilik.com\/index.php\/wp-json\/wp\/v2\/product_brand?post=11496"},{"taxonomy":"product_cat","embeddable":true,"href":"https:\/\/kervanmagazacilik.com\/index.php\/wp-json\/wp\/v2\/product_cat?post=11496"},{"taxonomy":"product_tag","embeddable":true,"href":"https:\/\/kervanmagazacilik.com\/index.php\/wp-json\/wp\/v2\/product_tag?post=11496"}],"curies":[{"name":"wp","href":"https:\/\/api.w.org\/{rel}","templated":true}]}}